{"id":52223,"date":"2025-12-05T09:58:42","date_gmt":"2025-12-05T09:58:42","guid":{"rendered":"https:\/\/grande-cote.eramet.com\/?page_id=52223"},"modified":"2025-12-16T15:06:59","modified_gmt":"2025-12-16T15:06:59","slug":"fiers-de-travailler-a-eramet-grande-cote","status":"publish","type":"page","link":"https:\/\/grande-cote.eramet.com\/fr\/nous-rejoindre\/fiers-de-travailler-a-eramet-grande-cote\/","title":{"rendered":"Fiers de travailler \u00e0 Eramet Grande C\u00f4te"},"content":{"rendered":"<p><div class=\"fusion-fullwidth fullwidth-box fusion-builder-row-1 fusion-flex-container has-pattern-background has-mask-background nonhundred-percent-fullwidth non-hundred-percent-height-scrolling\" style=\"--awb-border-radius-top-left:0px;--awb-border-radius-top-right:0px;--awb-border-radius-bottom-right:0px;--awb-border-radius-bottom-left:0px;--awb-flex-wrap:wrap;\" ><div class=\"fusion-builder-row fusion-row fusion-flex-align-items-flex-start fusion-flex-content-wrap\" style=\"max-width:1468.8px;margin-left: calc(-2% \/ 2 );margin-right: calc(-2% \/ 2 );\"><div class=\"fusion-layout-column fusion_builder_column fusion-builder-column-0 fusion_builder_column_1_3 1_3 fusion-flex-column\" style=\"--awb-bg-size:cover;--awb-width-large:33.333333333333%;--awb-margin-top-large:0px;--awb-spacing-right-large:2.94%;--awb-margin-bottom-large:30px;--awb-spacing-left-large:2.94%;--awb-width-medium:33.333333333333%;--awb-order-medium:0;--awb-spacing-right-medium:2.94%;--awb-spacing-left-medium:2.94%;--awb-width-small:100%;--awb-order-small:0;--awb-spacing-right-small:0.98%;--awb-spacing-left-small:0.98%;\"><div class=\"fusion-column-wrapper fusion-column-has-shadow fusion-flex-justify-content-flex-start fusion-content-layout-column\"><div class=\"fusion-video fusion-youtube\" style=\"--awb-max-width:1000px;--awb-max-height:563px;\"><div class=\"video-shortcode\"><lite-youtube videoid=\"4yp4tc7PS8Y\" class=\"landscape\" params=\"wmode=transparent&autoplay=1&amp;rel=0&amp;hl=fr&amp;cc_load_policy=1&enablejsapi=1\" title=\"Fier\u00b7e de travailler \u00e0 Eramet Grande C\u00f4te\" width=\"1000\" height=\"563\" data-thumbnail-size=\"auto\"><\/lite-youtube><\/div><\/div><\/div><\/div><div class=\"fusion-layout-column fusion_builder_column fusion-builder-column-1 fusion_builder_column_2_3 2_3 fusion-flex-column\" style=\"--awb-bg-size:cover;--awb-width-large:66.666666666667%;--awb-margin-top-large:0px;--awb-spacing-right-large:1.47%;--awb-margin-bottom-large:30px;--awb-spacing-left-large:1.47%;--awb-width-medium:66.666666666667%;--awb-order-medium:0;--awb-spacing-right-medium:1.47%;--awb-spacing-left-medium:1.47%;--awb-width-small:100%;--awb-order-small:0;--awb-spacing-right-small:0.98%;--awb-spacing-left-small:0.98%;\"><div class=\"fusion-column-wrapper fusion-column-has-shadow fusion-flex-justify-content-flex-start fusion-content-layout-column\"><div class=\"fusion-title title fusion-title-1 fusion-sep-none fusion-title-text fusion-title-size-two\" style=\"--awb-text-color:var(--awb-color2);--awb-margin-right-small:0px;--awb-margin-left-small:0px;--awb-font-size:24px;\"><h2 class=\"fusion-title-heading title-heading-left\" style=\"margin:0;font-size:1em;\">Anne-Marie<br \/>\nAssurer le bon d\u00e9roulement des op\u00e9rations ferroviaires<\/h2><\/div><div class=\"fusion-text fusion-text-1\"><p>De Diogo \u00e0 Dakar, Anne-Marie Sylva coordonne depuis neuf ans les op\u00e9rations ferroviaires d\u2019Eramet Grande C\u00f4te. Elle veille chaque jour au bon acheminement du produit et joue un r\u00f4le essentiel aux c\u00f4t\u00e9s des \u00e9quipes logistiques, portuaires et techniques. D\u00e9couvrez son parcours en vid\u00e9o.<\/p>\n<\/div><\/div><\/div><\/div><\/div><div class=\"fusion-fullwidth fullwidth-box fusion-builder-row-2 fusion-flex-container has-pattern-background has-mask-background nonhundred-percent-fullwidth non-hundred-percent-height-scrolling\" style=\"--awb-border-radius-top-left:0px;--awb-border-radius-top-right:0px;--awb-border-radius-bottom-right:0px;--awb-border-radius-bottom-left:0px;--awb-flex-wrap:wrap;\" ><div class=\"fusion-builder-row fusion-row fusion-flex-align-items-flex-start fusion-flex-content-wrap\" style=\"max-width:1468.8px;margin-left: calc(-2% \/ 2 );margin-right: calc(-2% \/ 2 );\"><div class=\"fusion-layout-column fusion_builder_column fusion-builder-column-2 fusion_builder_column_2_3 2_3 fusion-flex-column\" style=\"--awb-bg-size:cover;--awb-width-large:66.666666666667%;--awb-margin-top-large:0px;--awb-spacing-right-large:1.47%;--awb-margin-bottom-large:30px;--awb-spacing-left-large:1.47%;--awb-width-medium:66.666666666667%;--awb-order-medium:0;--awb-spacing-right-medium:1.47%;--awb-spacing-left-medium:1.47%;--awb-width-small:100%;--awb-order-small:0;--awb-spacing-right-small:0.98%;--awb-spacing-left-small:0.98%;\"><div class=\"fusion-column-wrapper fusion-column-has-shadow fusion-flex-justify-content-flex-start fusion-content-layout-column\"><div class=\"fusion-title title fusion-title-2 fusion-sep-none fusion-title-text fusion-title-size-two\" style=\"--awb-text-color:var(--awb-color2);--awb-margin-right-small:0px;--awb-margin-left-small:0px;--awb-font-size:24px;\"><h2 class=\"fusion-title-heading title-heading-left\" style=\"margin:0;font-size:1em;\"><p>Bounama<br \/>\nCoordonnateur de production au sein de l\u2019Usine de s\u00e9paration des min\u00e9raux (MSP)<\/p><\/h2><\/div><div class=\"fusion-text fusion-text-2\"><p>Arriv\u00e9 \u00e0 Eramet Grande C\u00f4te d\u00e8s le lancement de la production en 2014, Bounama a d\u00e9but\u00e9 comme op\u00e9rateur. Gr\u00e2ce \u00e0 son engagement et son expertise, il a ensuite \u00e9volu\u00e9 et occupe aujourd\u2019hui le poste de coordonnateur de production. Son m\u00e9tier consiste \u00e0 planifier, organiser et coordonner les op\u00e9rations de production, avec un objectif clair : satisfaire la demande de nos clients \u00e0 travers le monde.<\/p>\n<\/div><\/div><\/div><div class=\"fusion-layout-column fusion_builder_column fusion-builder-column-3 fusion_builder_column_1_3 1_3 fusion-flex-column\" style=\"--awb-bg-size:cover;--awb-width-large:33.333333333333%;--awb-margin-top-large:0px;--awb-spacing-right-large:2.94%;--awb-margin-bottom-large:30px;--awb-spacing-left-large:2.94%;--awb-width-medium:33.333333333333%;--awb-order-medium:0;--awb-spacing-right-medium:2.94%;--awb-spacing-left-medium:2.94%;--awb-width-small:100%;--awb-order-small:0;--awb-spacing-right-small:0.98%;--awb-spacing-left-small:0.98%;\"><div class=\"fusion-column-wrapper fusion-column-has-shadow fusion-flex-justify-content-flex-start fusion-content-layout-column\"><div class=\"fusion-video fusion-youtube\" style=\"--awb-max-width:1000px;--awb-max-height:563px;\"><div class=\"video-shortcode\"><lite-youtube videoid=\"pDulqDUy6BE\" class=\"landscape\" params=\"wmode=transparent&autoplay=1&amp;rel=0&amp;hl=fr&amp;cc_load_policy=1&enablejsapi=1\" title=\"Fier\u00b7e de travailler \u00e0 Eramet Grande C\u00f4te\" width=\"1000\" height=\"563\" data-thumbnail-size=\"auto\"><\/lite-youtube><\/div><\/div><\/div><\/div><\/div><\/div><div class=\"fusion-fullwidth fullwidth-box fusion-builder-row-3 fusion-flex-container has-pattern-background has-mask-background nonhundred-percent-fullwidth non-hundred-percent-height-scrolling\" style=\"--awb-border-radius-top-left:0px;--awb-border-radius-top-right:0px;--awb-border-radius-bottom-right:0px;--awb-border-radius-bottom-left:0px;--awb-flex-wrap:wrap;\" ><div class=\"fusion-builder-row fusion-row fusion-flex-align-items-flex-start fusion-flex-content-wrap\" style=\"max-width:1468.8px;margin-left: calc(-2% \/ 2 );margin-right: calc(-2% \/ 2 );\"><div class=\"fusion-layout-column fusion_builder_column fusion-builder-column-4 fusion_builder_column_1_3 1_3 fusion-flex-column\" style=\"--awb-bg-size:cover;--awb-width-large:33.333333333333%;--awb-margin-top-large:0px;--awb-spacing-right-large:2.94%;--awb-margin-bottom-large:30px;--awb-spacing-left-large:2.94%;--awb-width-medium:33.333333333333%;--awb-order-medium:0;--awb-spacing-right-medium:2.94%;--awb-spacing-left-medium:2.94%;--awb-width-small:100%;--awb-order-small:0;--awb-spacing-right-small:0.98%;--awb-spacing-left-small:0.98%;\"><div class=\"fusion-column-wrapper fusion-column-has-shadow fusion-flex-justify-content-flex-start fusion-content-layout-column\"><div class=\"fusion-video fusion-youtube\" style=\"--awb-max-width:1000px;--awb-max-height:563px;\"><div class=\"video-shortcode\"><lite-youtube videoid=\"4xFI_AT86og\" class=\"landscape\" params=\"wmode=transparent&autoplay=1&amp;rel=0&amp;hl=fr&amp;cc_load_policy=1&enablejsapi=1\" title=\"Fier\u00b7e de travailler \u00e0 Eramet Grande C\u00f4te\" width=\"1000\" height=\"563\" data-thumbnail-size=\"auto\"><\/lite-youtube><\/div><\/div><\/div><\/div><div class=\"fusion-layout-column fusion_builder_column fusion-builder-column-5 fusion_builder_column_2_3 2_3 fusion-flex-column\" style=\"--awb-bg-size:cover;--awb-width-large:66.666666666667%;--awb-margin-top-large:0px;--awb-spacing-right-large:1.47%;--awb-margin-bottom-large:30px;--awb-spacing-left-large:1.47%;--awb-width-medium:66.666666666667%;--awb-order-medium:0;--awb-spacing-right-medium:1.47%;--awb-spacing-left-medium:1.47%;--awb-width-small:100%;--awb-order-small:0;--awb-spacing-right-small:0.98%;--awb-spacing-left-small:0.98%;\"><div class=\"fusion-column-wrapper fusion-column-has-shadow fusion-flex-justify-content-flex-start fusion-content-layout-column\"><div class=\"fusion-title title fusion-title-3 fusion-sep-none fusion-title-text fusion-title-size-two\" style=\"--awb-text-color:var(--awb-color2);--awb-margin-right-small:0px;--awb-margin-left-small:0px;--awb-font-size:24px;\"><h2 class=\"fusion-title-heading title-heading-left\" style=\"margin:0;font-size:1em;\"><p>Nafissatou<br \/>\nAu c\u0153ur de la transparence comptable d\u2019Eramet Grande C\u00f4te<\/p><\/h2><\/div><div class=\"fusion-text fusion-text-3\"><p>Cheffe du D\u00e9partement Comptabilit\u00e9 et Taxes, Nafissatou Diagne Sow joue un r\u00f4le cl\u00e9 dans la d\u00e9marche de transparence d\u2019Eramet Grande C\u00f4te. D\u00e9couvrez son portrait en vid\u00e9o.<\/p>\n<\/div><\/div><\/div><\/div><\/div><div class=\"fusion-fullwidth fullwidth-box fusion-builder-row-4 fusion-flex-container has-pattern-background has-mask-background nonhundred-percent-fullwidth non-hundred-percent-height-scrolling\" style=\"--awb-border-radius-top-left:0px;--awb-border-radius-top-right:0px;--awb-border-radius-bottom-right:0px;--awb-border-radius-bottom-left:0px;--awb-flex-wrap:wrap;\" ><div class=\"fusion-builder-row fusion-row fusion-flex-align-items-flex-start fusion-flex-content-wrap\" style=\"max-width:1468.8px;margin-left: calc(-2% \/ 2 );margin-right: calc(-2% \/ 2 );\"><div class=\"fusion-layout-column fusion_builder_column fusion-builder-column-6 fusion_builder_column_2_3 2_3 fusion-flex-column\" style=\"--awb-bg-size:cover;--awb-width-large:66.666666666667%;--awb-margin-top-large:0px;--awb-spacing-right-large:1.47%;--awb-margin-bottom-large:30px;--awb-spacing-left-large:1.47%;--awb-width-medium:66.666666666667%;--awb-order-medium:0;--awb-spacing-right-medium:1.47%;--awb-spacing-left-medium:1.47%;--awb-width-small:100%;--awb-order-small:0;--awb-spacing-right-small:0.98%;--awb-spacing-left-small:0.98%;\"><div class=\"fusion-column-wrapper fusion-column-has-shadow fusion-flex-justify-content-flex-start fusion-content-layout-column\"><div class=\"fusion-title title fusion-title-4 fusion-sep-none fusion-title-text fusion-title-size-two\" style=\"--awb-text-color:var(--awb-color2);--awb-margin-right-small:0px;--awb-margin-left-small:0px;--awb-font-size:24px;\"><h2 class=\"fusion-title-heading title-heading-left\" style=\"margin:0;font-size:1em;\"><p>Martin<br \/>\nMachiniste au d\u00e9partement Maintenance de l&rsquo;usine de s\u00e9paration (MSP)<\/p><\/h2><\/div><div class=\"fusion-text fusion-text-4\"><p>Martin Mendy joue un r\u00f4le cl\u00e9 dans la remise en \u00e9tat des pi\u00e8ces us\u00e9es et dans la confection de nouvelles pi\u00e8ces. Avec son coll\u00e8gue, ils sont seulement deux \u00e0 intervenir au service de tous les d\u00e9partements techniques, avec un objectif clair : r\u00e9parer en interne plut\u00f4t que sous-traiter.<\/p>\n<\/div><\/div><\/div><div class=\"fusion-layout-column fusion_builder_column fusion-builder-column-7 fusion_builder_column_1_3 1_3 fusion-flex-column\" style=\"--awb-bg-size:cover;--awb-width-large:33.333333333333%;--awb-margin-top-large:0px;--awb-spacing-right-large:2.94%;--awb-margin-bottom-large:30px;--awb-spacing-left-large:2.94%;--awb-width-medium:33.333333333333%;--awb-order-medium:0;--awb-spacing-right-medium:2.94%;--awb-spacing-left-medium:2.94%;--awb-width-small:100%;--awb-order-small:0;--awb-spacing-right-small:0.98%;--awb-spacing-left-small:0.98%;\"><div class=\"fusion-column-wrapper fusion-column-has-shadow fusion-flex-justify-content-flex-start fusion-content-layout-column\"><div class=\"fusion-video fusion-youtube\" style=\"--awb-max-width:1000px;--awb-max-height:563px;\"><div class=\"video-shortcode\"><lite-youtube videoid=\"6kvj7gITDx8\" class=\"landscape\" params=\"wmode=transparent&autoplay=1&amp;rel=0&amp;hl=fr&amp;cc_load_policy=1&enablejsapi=1\" title=\"Fier\u00b7e de travailler \u00e0 Eramet Grande C\u00f4te\" width=\"1000\" height=\"563\" data-thumbnail-size=\"auto\"><\/lite-youtube><\/div><\/div><\/div><\/div><\/div><\/div><div class=\"fusion-fullwidth fullwidth-box fusion-builder-row-5 fusion-flex-container has-pattern-background has-mask-background nonhundred-percent-fullwidth non-hundred-percent-height-scrolling\" style=\"--awb-border-radius-top-left:0px;--awb-border-radius-top-right:0px;--awb-border-radius-bottom-right:0px;--awb-border-radius-bottom-left:0px;--awb-flex-wrap:wrap;\" ><div class=\"fusion-builder-row fusion-row fusion-flex-align-items-flex-start fusion-flex-content-wrap\" style=\"max-width:1468.8px;margin-left: calc(-2% \/ 2 );margin-right: calc(-2% \/ 2 );\"><div class=\"fusion-layout-column fusion_builder_column fusion-builder-column-8 fusion_builder_column_1_3 1_3 fusion-flex-column\" style=\"--awb-bg-size:cover;--awb-width-large:33.333333333333%;--awb-margin-top-large:0px;--awb-spacing-right-large:2.94%;--awb-margin-bottom-large:30px;--awb-spacing-left-large:2.94%;--awb-width-medium:33.333333333333%;--awb-order-medium:0;--awb-spacing-right-medium:2.94%;--awb-spacing-left-medium:2.94%;--awb-width-small:100%;--awb-order-small:0;--awb-spacing-right-small:0.98%;--awb-spacing-left-small:0.98%;\"><div class=\"fusion-column-wrapper fusion-column-has-shadow fusion-flex-justify-content-flex-start fusion-content-layout-column\"><div class=\"fusion-video fusion-youtube\" style=\"--awb-max-width:1000px;--awb-max-height:563px;\"><div class=\"video-shortcode\"><lite-youtube videoid=\"wL0JJhxwtus\" class=\"landscape\" params=\"wmode=transparent&autoplay=1&amp;rel=0&amp;hl=fr&amp;cc_load_policy=1&enablejsapi=1\" title=\"Fier\u00b7e de travailler \u00e0 Eramet Grande C\u00f4te\" width=\"1000\" height=\"563\" data-thumbnail-size=\"auto\"><\/lite-youtube><\/div><\/div><\/div><\/div><div class=\"fusion-layout-column fusion_builder_column fusion-builder-column-9 fusion_builder_column_2_3 2_3 fusion-flex-column\" style=\"--awb-bg-size:cover;--awb-width-large:66.666666666667%;--awb-margin-top-large:0px;--awb-spacing-right-large:1.47%;--awb-margin-bottom-large:30px;--awb-spacing-left-large:1.47%;--awb-width-medium:66.666666666667%;--awb-order-medium:0;--awb-spacing-right-medium:1.47%;--awb-spacing-left-medium:1.47%;--awb-width-small:100%;--awb-order-small:0;--awb-spacing-right-small:0.98%;--awb-spacing-left-small:0.98%;\"><div class=\"fusion-column-wrapper fusion-column-has-shadow fusion-flex-justify-content-flex-start fusion-content-layout-column\"><div class=\"fusion-title title fusion-title-5 fusion-sep-none fusion-title-text fusion-title-size-two\" style=\"--awb-text-color:var(--awb-color2);--awb-margin-right-small:0px;--awb-margin-left-small:0px;--awb-font-size:24px;\"><h2 class=\"fusion-title-heading title-heading-left\" style=\"margin:0;font-size:1em;\">Aminata<br \/>Agir pour le bien-\u00eatre des \u00e9quipes<\/h2><\/div><div class=\"fusion-text fusion-text-5\"><p>Superintendante Service Base Vie, Aminata Thiam veille chaque jour au confort et \u00e0 la s\u00e9curit\u00e9 des \u00e9quipes d\u2019Eramet Grande C\u00f4te. Elle assure le maintien des installations et des espaces de la Base Vie, pour r\u00e9pondre aux besoins des coll\u00e8gues sur le terrain. D\u00e9couvrez son portrait en vid\u00e9o.<\/p>\n<\/div><\/div><\/div><\/div><\/div><div class=\"fusion-fullwidth fullwidth-box fusion-builder-row-6 fusion-flex-container has-pattern-background has-mask-background nonhundred-percent-fullwidth non-hundred-percent-height-scrolling\" style=\"--awb-border-radius-top-left:0px;--awb-border-radius-top-right:0px;--awb-border-radius-bottom-right:0px;--awb-border-radius-bottom-left:0px;--awb-flex-wrap:wrap;\" ><div class=\"fusion-builder-row fusion-row fusion-flex-align-items-flex-start fusion-flex-content-wrap\" style=\"max-width:1468.8px;margin-left: calc(-2% \/ 2 );margin-right: calc(-2% \/ 2 );\"><div class=\"fusion-layout-column fusion_builder_column fusion-builder-column-10 fusion_builder_column_1_1 1_1 fusion-flex-column\" style=\"--awb-bg-size:cover;--awb-width-large:100%;--awb-margin-top-large:0px;--awb-spacing-right-large:0.98%;--awb-margin-bottom-large:30px;--awb-spacing-left-large:0.98%;--awb-width-medium:100%;--awb-order-medium:0;--awb-spacing-right-medium:0.98%;--awb-spacing-left-medium:0.98%;--awb-width-small:100%;--awb-order-small:0;--awb-spacing-right-small:0.98%;--awb-spacing-left-small:0.98%;\"><div class=\"fusion-column-wrapper fusion-column-has-shadow fusion-flex-justify-content-flex-start fusion-content-layout-column\"><div style=\"text-align:center;\"><a class=\"fusion-button button-flat fusion-button-default-size button-custom fusion-button-default button-1 fusion-button-default-span fusion-button-default-type CTA-arrow fusion-has-button-gradient\" style=\"--button_accent_color:var(--awb-color7);--button_accent_hover_color:var(--awb-color3);--button_border_hover_color:var(--awb-color7);--button_border_width-top:0;--button_border_width-right:0;--button_border_width-bottom:0;--button_border_width-left:0;--button-border-radius-top-left:0;--button-border-radius-top-right:0;--button-border-radius-bottom-right:0;--button-border-radius-bottom-left:0;--button_gradient_angle:180deg;--button_gradient_top_color:var(--awb-custom_color_7);--button_gradient_bottom_color:var(--awb-custom_color_7);--button_gradient_top_color_hover:rgba(226,226,226,0);--button_gradient_bottom_color_hover:var(--awb-custom_color_3);--button_font_size:16px;--button_padding-right:70px;--button_padding-left:0px;--button_margin-top:30px;\" target=\"_blank\" rel=\"noopener noreferrer\" href=\"https:\/\/youtube.com\/playlist?list=PLgD8wocHs2L3c2bJ8Y_FGajMcVF4EDgCP&amp;si=dR_bY09pIS_iHUa9\"><span class=\"fusion-button-text\">Voir toutes les vid\u00e9os \u00ab\u00a0Fier\u00b7e de travailler \u00e0 Eramet Grande C\u00f4te\u00a0\u00bb<\/span><\/a><\/div><\/div><\/div><\/div><\/div><\/p>\n","protected":false},"excerpt":{"rendered":"","protected":false},"author":4,"featured_media":0,"parent":50932,"menu_order":0,"comment_status":"closed","ping_status":"closed","template":"","meta":{"footnotes":""},"class_list":["post-52223","page","type-page","status-publish","hentry"],"yoast_head":"<!-- This site is optimized with the Yoast SEO plugin v26.8 - https:\/\/yoast.com\/product\/yoast-seo-wordpress\/ -->\n<title>Fiers de travailler \u00e0 Eramet Grande C\u00f4te - Eramet Grande C\u00f4te<\/title>\n<meta name=\"robots\" content=\"index, follow, max-snippet:-1, max-image-preview:large, max-video-preview:-1\" \/>\n<link rel=\"canonical\" href=\"https:\/\/grande-cote.eramet.com\/fr\/nous-rejoindre\/fiers-de-travailler-a-eramet-grande-cote\/\" \/>\n<meta property=\"og:locale\" content=\"fr_FR\" \/>\n<meta property=\"og:type\" content=\"article\" \/>\n<meta property=\"og:title\" content=\"Fiers de travailler \u00e0 Eramet Grande C\u00f4te - Eramet Grande C\u00f4te\" \/>\n<meta property=\"og:url\" content=\"https:\/\/grande-cote.eramet.com\/fr\/nous-rejoindre\/fiers-de-travailler-a-eramet-grande-cote\/\" \/>\n<meta property=\"og:site_name\" content=\"Eramet Grande C\u00f4te\" \/>\n<meta property=\"article:modified_time\" content=\"2025-12-16T15:06:59+00:00\" \/>\n<meta name=\"twitter:card\" content=\"summary_large_image\" \/>\n<meta name=\"twitter:label1\" content=\"Dur\u00e9e de lecture estim\u00e9e\" \/>\n\t<meta name=\"twitter:data1\" content=\"1 minute\" \/>\n<script type=\"application\/ld+json\" class=\"yoast-schema-graph\">{\"@context\":\"https:\/\/schema.org\",\"@graph\":[{\"@type\":\"WebPage\",\"@id\":\"https:\/\/grande-cote.eramet.com\/fr\/nous-rejoindre\/fiers-de-travailler-a-eramet-grande-cote\/\",\"url\":\"https:\/\/grande-cote.eramet.com\/fr\/nous-rejoindre\/fiers-de-travailler-a-eramet-grande-cote\/\",\"name\":\"Fiers de travailler \u00e0 Eramet Grande C\u00f4te - Eramet Grande C\u00f4te\",\"isPartOf\":{\"@id\":\"https:\/\/grande-cote.eramet.com\/fr\/#website\"},\"datePublished\":\"2025-12-05T09:58:42+00:00\",\"dateModified\":\"2025-12-16T15:06:59+00:00\",\"breadcrumb\":{\"@id\":\"https:\/\/grande-cote.eramet.com\/fr\/nous-rejoindre\/fiers-de-travailler-a-eramet-grande-cote\/#breadcrumb\"},\"inLanguage\":\"fr-FR\",\"potentialAction\":[{\"@type\":\"ReadAction\",\"target\":[\"https:\/\/grande-cote.eramet.com\/fr\/nous-rejoindre\/fiers-de-travailler-a-eramet-grande-cote\/\"]}]},{\"@type\":\"BreadcrumbList\",\"@id\":\"https:\/\/grande-cote.eramet.com\/fr\/nous-rejoindre\/fiers-de-travailler-a-eramet-grande-cote\/#breadcrumb\",\"itemListElement\":[{\"@type\":\"ListItem\",\"position\":1,\"name\":\"Home\",\"item\":\"https:\/\/grande-cote.eramet.com\/fr\/\"},{\"@type\":\"ListItem\",\"position\":2,\"name\":\"Nous rejoindre\",\"item\":\"https:\/\/grande-cote.eramet.com\/fr\/nous-rejoindre\/\"},{\"@type\":\"ListItem\",\"position\":3,\"name\":\"Fiers de travailler \u00e0 Eramet Grande C\u00f4te\"}]},{\"@type\":\"WebSite\",\"@id\":\"https:\/\/grande-cote.eramet.com\/fr\/#website\",\"url\":\"https:\/\/grande-cote.eramet.com\/fr\/\",\"name\":\"Eramet Grande C\u00f4te\",\"description\":\"\",\"potentialAction\":[{\"@type\":\"SearchAction\",\"target\":{\"@type\":\"EntryPoint\",\"urlTemplate\":\"https:\/\/grande-cote.eramet.com\/fr\/?s={search_term_string}\"},\"query-input\":{\"@type\":\"PropertyValueSpecification\",\"valueRequired\":true,\"valueName\":\"search_term_string\"}}],\"inLanguage\":\"fr-FR\"}]}<\/script>\n<!-- \/ Yoast SEO plugin. -->","yoast_head_json":{"title":"Fiers de travailler \u00e0 Eramet Grande C\u00f4te - Eramet Grande C\u00f4te","robots":{"index":"index","follow":"follow","max-snippet":"max-snippet:-1","max-image-preview":"max-image-preview:large","max-video-preview":"max-video-preview:-1"},"canonical":"https:\/\/grande-cote.eramet.com\/fr\/nous-rejoindre\/fiers-de-travailler-a-eramet-grande-cote\/","og_locale":"fr_FR","og_type":"article","og_title":"Fiers de travailler \u00e0 Eramet Grande C\u00f4te - Eramet Grande C\u00f4te","og_url":"https:\/\/grande-cote.eramet.com\/fr\/nous-rejoindre\/fiers-de-travailler-a-eramet-grande-cote\/","og_site_name":"Eramet Grande C\u00f4te","article_modified_time":"2025-12-16T15:06:59+00:00","twitter_card":"summary_large_image","twitter_misc":{"Dur\u00e9e de lecture estim\u00e9e":"1 minute"},"schema":{"@context":"https:\/\/schema.org","@graph":[{"@type":"WebPage","@id":"https:\/\/grande-cote.eramet.com\/fr\/nous-rejoindre\/fiers-de-travailler-a-eramet-grande-cote\/","url":"https:\/\/grande-cote.eramet.com\/fr\/nous-rejoindre\/fiers-de-travailler-a-eramet-grande-cote\/","name":"Fiers de travailler \u00e0 Eramet Grande C\u00f4te - Eramet Grande C\u00f4te","isPartOf":{"@id":"https:\/\/grande-cote.eramet.com\/fr\/#website"},"datePublished":"2025-12-05T09:58:42+00:00","dateModified":"2025-12-16T15:06:59+00:00","breadcrumb":{"@id":"https:\/\/grande-cote.eramet.com\/fr\/nous-rejoindre\/fiers-de-travailler-a-eramet-grande-cote\/#breadcrumb"},"inLanguage":"fr-FR","potentialAction":[{"@type":"ReadAction","target":["https:\/\/grande-cote.eramet.com\/fr\/nous-rejoindre\/fiers-de-travailler-a-eramet-grande-cote\/"]}]},{"@type":"BreadcrumbList","@id":"https:\/\/grande-cote.eramet.com\/fr\/nous-rejoindre\/fiers-de-travailler-a-eramet-grande-cote\/#breadcrumb","itemListElement":[{"@type":"ListItem","position":1,"name":"Home","item":"https:\/\/grande-cote.eramet.com\/fr\/"},{"@type":"ListItem","position":2,"name":"Nous rejoindre","item":"https:\/\/grande-cote.eramet.com\/fr\/nous-rejoindre\/"},{"@type":"ListItem","position":3,"name":"Fiers de travailler \u00e0 Eramet Grande C\u00f4te"}]},{"@type":"WebSite","@id":"https:\/\/grande-cote.eramet.com\/fr\/#website","url":"https:\/\/grande-cote.eramet.com\/fr\/","name":"Eramet Grande C\u00f4te","description":"","potentialAction":[{"@type":"SearchAction","target":{"@type":"EntryPoint","urlTemplate":"https:\/\/grande-cote.eramet.com\/fr\/?s={search_term_string}"},"query-input":{"@type":"PropertyValueSpecification","valueRequired":true,"valueName":"search_term_string"}}],"inLanguage":"fr-FR"}]}},"acf":[],"_links":{"self":[{"href":"https:\/\/grande-cote.eramet.com\/fr\/wp-json\/wp\/v2\/pages\/52223","targetHints":{"allow":["GET"]}}],"collection":[{"href":"https:\/\/grande-cote.eramet.com\/fr\/wp-json\/wp\/v2\/pages"}],"about":[{"href":"https:\/\/grande-cote.eramet.com\/fr\/wp-json\/wp\/v2\/types\/page"}],"author":[{"embeddable":true,"href":"https:\/\/grande-cote.eramet.com\/fr\/wp-json\/wp\/v2\/users\/4"}],"replies":[{"embeddable":true,"href":"https:\/\/grande-cote.eramet.com\/fr\/wp-json\/wp\/v2\/comments?post=52223"}],"version-history":[{"count":11,"href":"https:\/\/grande-cote.eramet.com\/fr\/wp-json\/wp\/v2\/pages\/52223\/revisions"}],"predecessor-version":[{"id":52273,"href":"https:\/\/grande-cote.eramet.com\/fr\/wp-json\/wp\/v2\/pages\/52223\/revisions\/52273"}],"up":[{"embeddable":true,"href":"https:\/\/grande-cote.eramet.com\/fr\/wp-json\/wp\/v2\/pages\/50932"}],"wp:attachment":[{"href":"https:\/\/grande-cote.eramet.com\/fr\/wp-json\/wp\/v2\/media?parent=52223"}],"curies":[{"name":"wp","href":"https:\/\/api.w.org\/{rel}","templated":true}]}}