{"id":51193,"date":"2025-08-13T13:22:10","date_gmt":"2025-08-13T13:22:10","guid":{"rendered":"https:\/\/grande-cote.eramet.com\/?page_id=51193"},"modified":"2025-11-25T16:24:00","modified_gmt":"2025-11-25T16:24:00","slug":"qualite-normes","status":"publish","type":"page","link":"https:\/\/grande-cote.eramet.com\/fr\/activites\/qualite-normes\/","title":{"rendered":"Qualit\u00e9 &#038; normes"},"content":{"rendered":"<div class=\"fusion-fullwidth fullwidth-box fusion-builder-row-1 fusion-flex-container has-pattern-background has-mask-background nonhundred-percent-fullwidth non-hundred-percent-height-scrolling\" style=\"--awb-border-radius-top-left:0px;--awb-border-radius-top-right:0px;--awb-border-radius-bottom-right:0px;--awb-border-radius-bottom-left:0px;--awb-flex-wrap:wrap;\" ><div class=\"fusion-builder-row fusion-row fusion-flex-align-items-stretch fusion-flex-justify-content-center fusion-flex-content-wrap\" style=\"max-width:1468.8px;margin-left: calc(-2% \/ 2 );margin-right: calc(-2% \/ 2 );\"><div class=\"fusion-layout-column fusion_builder_column fusion-builder-column-0 fusion_builder_column_1_2 1_2 fusion-flex-column block-16-9\" style=\"--awb-bg-size:cover;--awb-width-large:50%;--awb-margin-top-large:0px;--awb-spacing-right-large:1.96%;--awb-margin-bottom-large:30px;--awb-spacing-left-large:1.96%;--awb-width-medium:33.333333333333%;--awb-order-medium:0;--awb-spacing-right-medium:2.94%;--awb-spacing-left-medium:2.94%;--awb-width-small:100%;--awb-order-small:0;--awb-spacing-right-small:0.98%;--awb-spacing-left-small:0.98%;\"><div class=\"fusion-column-wrapper fusion-column-has-shadow fusion-flex-justify-content-flex-start fusion-content-layout-column\"><div class=\"fusion-image-element \" style=\"--awb-caption-title-font-family:var(--h2_typography-font-family);--awb-caption-title-font-weight:var(--h2_typography-font-weight);--awb-caption-title-font-style:var(--h2_typography-font-style);--awb-caption-title-size:var(--h2_typography-font-size);--awb-caption-title-transform:var(--h2_typography-text-transform);--awb-caption-title-line-height:var(--h2_typography-line-height);--awb-caption-title-letter-spacing:var(--h2_typography-letter-spacing);\"><span class=\" fusion-imageframe imageframe-none imageframe-1 hover-type-none\"><img decoding=\"async\" width=\"800\" height=\"450\" title=\"2000-12-31-EGC-Sample-observation\" src=\"https:\/\/grande-cote.eramet.com\/wp-content\/uploads\/sites\/26\/2025\/11\/2000-12-31-EGC-Sample-observation.jpg\" data-orig-src=\"https:\/\/grande-cote.eramet.com\/wp-content\/uploads\/sites\/26\/2025\/11\/2000-12-31-EGC-Sample-observation-800x450.jpg\" alt class=\"lazyload img-responsive wp-image-51886\" srcset=\"data:image\/svg+xml,%3Csvg%20xmlns%3D%27http%3A%2F%2Fwww.w3.org%2F2000%2Fsvg%27%20width%3D%271920%27%20height%3D%271080%27%20viewBox%3D%270%200%201920%201080%27%3E%3Crect%20width%3D%271920%27%20height%3D%271080%27%20fill-opacity%3D%220%22%2F%3E%3C%2Fsvg%3E\" data-srcset=\"https:\/\/grande-cote.eramet.com\/wp-content\/uploads\/sites\/26\/2025\/11\/2000-12-31-EGC-Sample-observation-200x113.jpg 200w, https:\/\/grande-cote.eramet.com\/wp-content\/uploads\/sites\/26\/2025\/11\/2000-12-31-EGC-Sample-observation-400x225.jpg 400w, https:\/\/grande-cote.eramet.com\/wp-content\/uploads\/sites\/26\/2025\/11\/2000-12-31-EGC-Sample-observation-600x338.jpg 600w, https:\/\/grande-cote.eramet.com\/wp-content\/uploads\/sites\/26\/2025\/11\/2000-12-31-EGC-Sample-observation-800x450.jpg 800w, https:\/\/grande-cote.eramet.com\/wp-content\/uploads\/sites\/26\/2025\/11\/2000-12-31-EGC-Sample-observation-1200x675.jpg 1200w, https:\/\/grande-cote.eramet.com\/wp-content\/uploads\/sites\/26\/2025\/11\/2000-12-31-EGC-Sample-observation.jpg 1920w\" data-sizes=\"auto\" data-orig-sizes=\"(max-width: 640px) 100vw, 800px\" \/><\/span><\/div><\/div><\/div><div class=\"fusion-layout-column fusion_builder_column fusion-builder-column-1 fusion_builder_column_1_2 1_2 fusion-flex-column\" style=\"--awb-bg-size:cover;--awb-width-large:50%;--awb-margin-top-large:0px;--awb-spacing-right-large:1.96%;--awb-margin-bottom-large:30px;--awb-spacing-left-large:1.96%;--awb-width-medium:66.666666666667%;--awb-order-medium:0;--awb-spacing-right-medium:1.47%;--awb-spacing-left-medium:1.47%;--awb-width-small:100%;--awb-order-small:0;--awb-spacing-right-small:0.98%;--awb-spacing-left-small:0.98%;\"><div class=\"fusion-column-wrapper fusion-column-has-shadow fusion-flex-justify-content-flex-start fusion-content-layout-column\"><div class=\"fusion-text fusion-text-1\"><h2>Contr\u00f4le qualit\u00e9&nbsp;: des analyses rigoureuses \u00e0 chaque \u00e9tape<\/h2>\n<p>Le contr\u00f4le constant des produits en laboratoire est indispensable pour garantir leur qualit\u00e9. \u00c9l\u00e9ment central de contr\u00f4le du processus de production, le laboratoire d\u2019Eramet Grande C\u00f4te est \u00e9quip\u00e9 de <strong>mat\u00e9riels de derni\u00e8re g\u00e9n\u00e9ration<\/strong> : spectrom\u00e9trie de fluorescence X, balances de pr\u00e9cision, etc.<br \/>\nChaque produit issu d\u2019une \u00e9tape du processus \u2013 de l\u2019extraction du minerai au chargement du produit dans les navires \u2013 est analys\u00e9 par le laboratoire pour s\u2019assurer que la qualit\u00e9 est conforme aux sp\u00e9cifications requises.<\/p>\n<\/div><\/div><\/div><div class=\"fusion-layout-column fusion_builder_column fusion-builder-column-2 fusion_builder_column_1_2 1_2 fusion-flex-column\" style=\"--awb-bg-size:cover;--awb-width-large:50%;--awb-margin-top-large:0px;--awb-spacing-right-large:1.96%;--awb-margin-bottom-large:30px;--awb-spacing-left-large:1.96%;--awb-width-medium:66.666666666667%;--awb-order-medium:0;--awb-spacing-right-medium:1.47%;--awb-spacing-left-medium:1.47%;--awb-width-small:100%;--awb-order-small:0;--awb-spacing-right-small:0.98%;--awb-spacing-left-small:0.98%;\"><div class=\"fusion-column-wrapper fusion-column-has-shadow fusion-flex-justify-content-flex-start fusion-content-layout-column\"><div class=\"fusion-text fusion-text-2\"><h2>Eramet Grande C\u00f4te, 1<sup>re<\/sup> mine s\u00e9n\u00e9galaise doublement certifi\u00e9e<\/h2>\n<ul>\n<li><strong>ISO 14 001&nbsp;:<\/strong> Eramet Grande C\u00f4te est la premi\u00e8re soci\u00e9t\u00e9 mini\u00e8re du S\u00e9n\u00e9gal \u00e0 avoir obtenu la certification ISO&nbsp;14&nbsp;001 pour son <strong>syst\u00e8me de gestion environnementale<\/strong> en 2020. Cette certification, renouvel\u00e9e avec succ\u00e8s en 2024, d\u00e9montre l\u2019int\u00e9gration par chaque salari\u00e9 des recommandations de cette norme internationale. Les meilleures pratiques en la mati\u00e8re sont int\u00e9gr\u00e9es dans la gestion de l\u2019environnement.<\/li>\n<li><strong>ISO&nbsp;50 001&nbsp;:<\/strong> Eramet Grande C\u00f4te a \u00e9galement obtenu la certification ISO&nbsp;50&nbsp;001 en 2021. Dans ce domaine \u00e9galement, la soci\u00e9t\u00e9 a fait preuve d\u2019engagement en mettant en \u0153uvre une politique de <strong>gestion de l\u2019\u00e9nergie<\/strong> r\u00e9pondant aux meilleurs standards internationaux.<\/li>\n<\/ul>\n<\/div><\/div><\/div><div class=\"fusion-layout-column fusion_builder_column fusion-builder-column-3 fusion_builder_column_1_2 1_2 fusion-flex-column block-16-9\" style=\"--awb-bg-size:cover;--awb-width-large:50%;--awb-margin-top-large:0px;--awb-spacing-right-large:1.96%;--awb-margin-bottom-large:30px;--awb-spacing-left-large:1.96%;--awb-width-medium:33.333333333333%;--awb-order-medium:0;--awb-spacing-right-medium:2.94%;--awb-spacing-left-medium:2.94%;--awb-width-small:100%;--awb-order-small:0;--awb-spacing-right-small:0.98%;--awb-spacing-left-small:0.98%;\"><div class=\"fusion-column-wrapper fusion-column-has-shadow fusion-flex-justify-content-flex-start fusion-content-layout-column\"><div class=\"fusion-image-element \" style=\"--awb-caption-title-font-family:var(--h2_typography-font-family);--awb-caption-title-font-weight:var(--h2_typography-font-weight);--awb-caption-title-font-style:var(--h2_typography-font-style);--awb-caption-title-size:var(--h2_typography-font-size);--awb-caption-title-transform:var(--h2_typography-text-transform);--awb-caption-title-line-height:var(--h2_typography-line-height);--awb-caption-title-letter-spacing:var(--h2_typography-letter-spacing);\"><span class=\" fusion-imageframe imageframe-none imageframe-2 hover-type-none\"><img decoding=\"async\" width=\"800\" height=\"450\" title=\"Site Web ISO 140001\" src=\"https:\/\/grande-cote.eramet.com\/wp-content\/uploads\/sites\/26\/2021\/04\/Site-Web-ISO-140001-scaled-1.jpg\" data-orig-src=\"https:\/\/grande-cote.eramet.com\/wp-content\/uploads\/sites\/26\/2021\/04\/Site-Web-ISO-140001-scaled-1-800x450.jpg\" alt class=\"lazyload img-responsive wp-image-1010\" srcset=\"data:image\/svg+xml,%3Csvg%20xmlns%3D%27http%3A%2F%2Fwww.w3.org%2F2000%2Fsvg%27%20width%3D%272560%27%20height%3D%271440%27%20viewBox%3D%270%200%202560%201440%27%3E%3Crect%20width%3D%272560%27%20height%3D%271440%27%20fill-opacity%3D%220%22%2F%3E%3C%2Fsvg%3E\" data-srcset=\"https:\/\/grande-cote.eramet.com\/wp-content\/uploads\/sites\/26\/2021\/04\/Site-Web-ISO-140001-scaled-1-200x113.jpg 200w, https:\/\/grande-cote.eramet.com\/wp-content\/uploads\/sites\/26\/2021\/04\/Site-Web-ISO-140001-scaled-1-400x225.jpg 400w, https:\/\/grande-cote.eramet.com\/wp-content\/uploads\/sites\/26\/2021\/04\/Site-Web-ISO-140001-scaled-1-600x338.jpg 600w, https:\/\/grande-cote.eramet.com\/wp-content\/uploads\/sites\/26\/2021\/04\/Site-Web-ISO-140001-scaled-1-800x450.jpg 800w, https:\/\/grande-cote.eramet.com\/wp-content\/uploads\/sites\/26\/2021\/04\/Site-Web-ISO-140001-scaled-1-1200x675.jpg 1200w\" data-sizes=\"auto\" data-orig-sizes=\"(max-width: 640px) 100vw, 800px\" \/><\/span><\/div><\/div><\/div><div class=\"fusion-layout-column fusion_builder_column fusion-builder-column-4 fusion_builder_column_2_3 2_3 fusion-flex-column\" style=\"--awb-bg-size:cover;--awb-width-large:66.666666666667%;--awb-margin-top-large:0px;--awb-spacing-right-large:1.47%;--awb-margin-bottom-large:30px;--awb-spacing-left-large:1.47%;--awb-width-medium:66.666666666667%;--awb-order-medium:0;--awb-spacing-right-medium:1.47%;--awb-spacing-left-medium:1.47%;--awb-width-small:100%;--awb-order-small:0;--awb-spacing-right-small:0.98%;--awb-spacing-left-small:0.98%;\"><div class=\"fusion-column-wrapper fusion-column-has-shadow fusion-flex-justify-content-flex-start fusion-content-layout-column\"><div class=\"fusion-text fusion-text-3\"><h2>Standard IRMA<\/h2>\n<p>En plus de la rigueur des syst\u00e8mes de management \u00c9nergie et Environnement, Eramet Grande C\u00f4te a volontairement d\u00e9cid\u00e9 de faire auditer ses pratiques socio-environnementales selon le standard tr\u00e8s exigeant de la <a href=\"https:\/\/responsiblemining.net\/\" target=\"_blank\" rel=\"noopener\">mine responsable IRMA<\/a>.&nbsp; Ce standard est int\u00e9gr\u00e9 dans la feuille de route <a href=\"https:\/\/www.eramet.com\/fr\/engagements\/feuille-de-route-rse\/\" target=\"_blank\" rel=\"noopener\">Act for Positive Mining<\/a>&nbsp;d\u2019Eramet.<\/p>\n<\/div><div style=\"text-align:left;\"><a class=\"fusion-button button-flat fusion-button-default-size button-custom fusion-button-default button-1 fusion-button-default-span fusion-button-default-type CTA-arrow fusion-has-button-gradient\" style=\"--button_accent_color:var(--awb-color7);--button_accent_hover_color:var(--awb-color3);--button_border_hover_color:var(--awb-color7);--button_border_width-top:0;--button_border_width-right:0;--button_border_width-bottom:0;--button_border_width-left:0;--button-border-radius-top-left:0;--button-border-radius-top-right:0;--button-border-radius-bottom-right:0;--button-border-radius-bottom-left:0;--button_gradient_angle:180deg;--button_gradient_top_color:var(--awb-custom_color_7);--button_gradient_bottom_color:var(--awb-custom_color_7);--button_gradient_top_color_hover:rgba(226,226,226,0);--button_gradient_bottom_color_hover:var(--awb-custom_color_3);--button_font_size:16px;--button_padding-right:70px;--button_padding-left:0px;--button_margin-top:30px;\" target=\"_self\" href=\"\/fr\/engagements\/\"><span class=\"fusion-button-text\">D\u00e9couvrir nos engagements<\/span><\/a><\/div><\/div><\/div><div class=\"fusion-layout-column fusion_builder_column fusion-builder-column-5 fusion_builder_column_1_3 1_3 fusion-flex-column\" style=\"--awb-bg-size:cover;--awb-width-large:33.333333333333%;--awb-margin-top-large:0px;--awb-spacing-right-large:2.94%;--awb-margin-bottom-large:30px;--awb-spacing-left-large:2.94%;--awb-width-medium:33.333333333333%;--awb-order-medium:0;--awb-spacing-right-medium:2.94%;--awb-spacing-left-medium:2.94%;--awb-width-small:100%;--awb-order-small:0;--awb-spacing-right-small:0.98%;--awb-spacing-left-small:0.98%;\"><div class=\"fusion-column-wrapper fusion-column-has-shadow fusion-flex-justify-content-center fusion-content-layout-column\"><div class=\"fusion-image-element \" style=\"text-align:center;--awb-max-width:50%;--awb-caption-title-font-family:var(--h2_typography-font-family);--awb-caption-title-font-weight:var(--h2_typography-font-weight);--awb-caption-title-font-style:var(--h2_typography-font-style);--awb-caption-title-size:var(--h2_typography-font-size);--awb-caption-title-transform:var(--h2_typography-text-transform);--awb-caption-title-line-height:var(--h2_typography-line-height);--awb-caption-title-letter-spacing:var(--h2_typography-letter-spacing);\"><span class=\" fusion-imageframe imageframe-none imageframe-3 hover-type-none\"><a class=\"fusion-no-lightbox\" href=\"https:\/\/responsiblemining.net\/\" target=\"_blank\" aria-label=\"IRMA_GCO\" rel=\"noopener noreferrer\"><img decoding=\"async\" width=\"800\" height=\"450\" src=\"https:\/\/grande-cote.eramet.com\/wp-content\/uploads\/sites\/26\/2023\/12\/IRMA_GCO.jpg\" data-orig-src=\"https:\/\/grande-cote.eramet.com\/wp-content\/uploads\/sites\/26\/2023\/12\/IRMA_GCO-800x450.jpg\" alt class=\"lazyload img-responsive wp-image-1920\" srcset=\"data:image\/svg+xml,%3Csvg%20xmlns%3D%27http%3A%2F%2Fwww.w3.org%2F2000%2Fsvg%27%20width%3D%271920%27%20height%3D%271080%27%20viewBox%3D%270%200%201920%201080%27%3E%3Crect%20width%3D%271920%27%20height%3D%271080%27%20fill-opacity%3D%220%22%2F%3E%3C%2Fsvg%3E\" data-srcset=\"https:\/\/grande-cote.eramet.com\/wp-content\/uploads\/sites\/26\/2023\/12\/IRMA_GCO-200x113.jpg 200w, https:\/\/grande-cote.eramet.com\/wp-content\/uploads\/sites\/26\/2023\/12\/IRMA_GCO-400x225.jpg 400w, https:\/\/grande-cote.eramet.com\/wp-content\/uploads\/sites\/26\/2023\/12\/IRMA_GCO-600x338.jpg 600w, https:\/\/grande-cote.eramet.com\/wp-content\/uploads\/sites\/26\/2023\/12\/IRMA_GCO-800x450.jpg 800w, https:\/\/grande-cote.eramet.com\/wp-content\/uploads\/sites\/26\/2023\/12\/IRMA_GCO-1200x675.jpg 1200w, https:\/\/grande-cote.eramet.com\/wp-content\/uploads\/sites\/26\/2023\/12\/IRMA_GCO.jpg 1920w\" data-sizes=\"auto\" data-orig-sizes=\"(max-width: 640px) 100vw, 600px\" \/><\/a><\/span><\/div><\/div><\/div><\/div><\/div>\n","protected":false},"excerpt":{"rendered":"","protected":false},"author":4,"featured_media":0,"parent":50929,"menu_order":5,"comment_status":"closed","ping_status":"closed","template":"","meta":{"footnotes":""},"class_list":["post-51193","page","type-page","status-publish","hentry"],"yoast_head":"<!-- This site is optimized with the Yoast SEO plugin v26.8 - https:\/\/yoast.com\/product\/yoast-seo-wordpress\/ -->\n<title>Qualit\u00e9 &amp; normes - Eramet Grande C\u00f4te<\/title>\n<meta name=\"robots\" content=\"index, follow, max-snippet:-1, max-image-preview:large, max-video-preview:-1\" \/>\n<link rel=\"canonical\" href=\"https:\/\/grande-cote.eramet.com\/fr\/activites\/qualite-normes\/\" \/>\n<meta property=\"og:locale\" content=\"fr_FR\" \/>\n<meta property=\"og:type\" content=\"article\" \/>\n<meta property=\"og:title\" content=\"Qualit\u00e9 &amp; normes - Eramet Grande C\u00f4te\" \/>\n<meta property=\"og:url\" content=\"https:\/\/grande-cote.eramet.com\/fr\/activites\/qualite-normes\/\" \/>\n<meta property=\"og:site_name\" content=\"Eramet Grande C\u00f4te\" \/>\n<meta property=\"article:modified_time\" content=\"2025-11-25T16:24:00+00:00\" \/>\n<meta name=\"twitter:card\" content=\"summary_large_image\" \/>\n<meta name=\"twitter:label1\" content=\"Dur\u00e9e de lecture estim\u00e9e\" \/>\n\t<meta name=\"twitter:data1\" content=\"8 minutes\" \/>\n<script type=\"application\/ld+json\" class=\"yoast-schema-graph\">{\"@context\":\"https:\/\/schema.org\",\"@graph\":[{\"@type\":\"WebPage\",\"@id\":\"https:\/\/grande-cote.eramet.com\/fr\/activites\/qualite-normes\/\",\"url\":\"https:\/\/grande-cote.eramet.com\/fr\/activites\/qualite-normes\/\",\"name\":\"Qualit\u00e9 & normes - Eramet Grande C\u00f4te\",\"isPartOf\":{\"@id\":\"https:\/\/grande-cote.eramet.com\/fr\/#website\"},\"datePublished\":\"2025-08-13T13:22:10+00:00\",\"dateModified\":\"2025-11-25T16:24:00+00:00\",\"breadcrumb\":{\"@id\":\"https:\/\/grande-cote.eramet.com\/fr\/activites\/qualite-normes\/#breadcrumb\"},\"inLanguage\":\"fr-FR\",\"potentialAction\":[{\"@type\":\"ReadAction\",\"target\":[\"https:\/\/grande-cote.eramet.com\/fr\/activites\/qualite-normes\/\"]}]},{\"@type\":\"BreadcrumbList\",\"@id\":\"https:\/\/grande-cote.eramet.com\/fr\/activites\/qualite-normes\/#breadcrumb\",\"itemListElement\":[{\"@type\":\"ListItem\",\"position\":1,\"name\":\"Home\",\"item\":\"https:\/\/grande-cote.eramet.com\/fr\/\"},{\"@type\":\"ListItem\",\"position\":2,\"name\":\"Activit\u00e9s\",\"item\":\"https:\/\/grande-cote.eramet.com\/fr\/activites\/\"},{\"@type\":\"ListItem\",\"position\":3,\"name\":\"Qualit\u00e9 &#038; normes\"}]},{\"@type\":\"WebSite\",\"@id\":\"https:\/\/grande-cote.eramet.com\/fr\/#website\",\"url\":\"https:\/\/grande-cote.eramet.com\/fr\/\",\"name\":\"Eramet Grande C\u00f4te\",\"description\":\"\",\"potentialAction\":[{\"@type\":\"SearchAction\",\"target\":{\"@type\":\"EntryPoint\",\"urlTemplate\":\"https:\/\/grande-cote.eramet.com\/fr\/?s={search_term_string}\"},\"query-input\":{\"@type\":\"PropertyValueSpecification\",\"valueRequired\":true,\"valueName\":\"search_term_string\"}}],\"inLanguage\":\"fr-FR\"}]}<\/script>\n<!-- \/ Yoast SEO plugin. -->","yoast_head_json":{"title":"Qualit\u00e9 & normes - Eramet Grande C\u00f4te","robots":{"index":"index","follow":"follow","max-snippet":"max-snippet:-1","max-image-preview":"max-image-preview:large","max-video-preview":"max-video-preview:-1"},"canonical":"https:\/\/grande-cote.eramet.com\/fr\/activites\/qualite-normes\/","og_locale":"fr_FR","og_type":"article","og_title":"Qualit\u00e9 & normes - Eramet Grande C\u00f4te","og_url":"https:\/\/grande-cote.eramet.com\/fr\/activites\/qualite-normes\/","og_site_name":"Eramet Grande C\u00f4te","article_modified_time":"2025-11-25T16:24:00+00:00","twitter_card":"summary_large_image","twitter_misc":{"Dur\u00e9e de lecture estim\u00e9e":"8 minutes"},"schema":{"@context":"https:\/\/schema.org","@graph":[{"@type":"WebPage","@id":"https:\/\/grande-cote.eramet.com\/fr\/activites\/qualite-normes\/","url":"https:\/\/grande-cote.eramet.com\/fr\/activites\/qualite-normes\/","name":"Qualit\u00e9 & normes - Eramet Grande C\u00f4te","isPartOf":{"@id":"https:\/\/grande-cote.eramet.com\/fr\/#website"},"datePublished":"2025-08-13T13:22:10+00:00","dateModified":"2025-11-25T16:24:00+00:00","breadcrumb":{"@id":"https:\/\/grande-cote.eramet.com\/fr\/activites\/qualite-normes\/#breadcrumb"},"inLanguage":"fr-FR","potentialAction":[{"@type":"ReadAction","target":["https:\/\/grande-cote.eramet.com\/fr\/activites\/qualite-normes\/"]}]},{"@type":"BreadcrumbList","@id":"https:\/\/grande-cote.eramet.com\/fr\/activites\/qualite-normes\/#breadcrumb","itemListElement":[{"@type":"ListItem","position":1,"name":"Home","item":"https:\/\/grande-cote.eramet.com\/fr\/"},{"@type":"ListItem","position":2,"name":"Activit\u00e9s","item":"https:\/\/grande-cote.eramet.com\/fr\/activites\/"},{"@type":"ListItem","position":3,"name":"Qualit\u00e9 &#038; normes"}]},{"@type":"WebSite","@id":"https:\/\/grande-cote.eramet.com\/fr\/#website","url":"https:\/\/grande-cote.eramet.com\/fr\/","name":"Eramet Grande C\u00f4te","description":"","potentialAction":[{"@type":"SearchAction","target":{"@type":"EntryPoint","urlTemplate":"https:\/\/grande-cote.eramet.com\/fr\/?s={search_term_string}"},"query-input":{"@type":"PropertyValueSpecification","valueRequired":true,"valueName":"search_term_string"}}],"inLanguage":"fr-FR"}]}},"acf":[],"_links":{"self":[{"href":"https:\/\/grande-cote.eramet.com\/fr\/wp-json\/wp\/v2\/pages\/51193","targetHints":{"allow":["GET"]}}],"collection":[{"href":"https:\/\/grande-cote.eramet.com\/fr\/wp-json\/wp\/v2\/pages"}],"about":[{"href":"https:\/\/grande-cote.eramet.com\/fr\/wp-json\/wp\/v2\/types\/page"}],"author":[{"embeddable":true,"href":"https:\/\/grande-cote.eramet.com\/fr\/wp-json\/wp\/v2\/users\/4"}],"replies":[{"embeddable":true,"href":"https:\/\/grande-cote.eramet.com\/fr\/wp-json\/wp\/v2\/comments?post=51193"}],"version-history":[{"count":14,"href":"https:\/\/grande-cote.eramet.com\/fr\/wp-json\/wp\/v2\/pages\/51193\/revisions"}],"predecessor-version":[{"id":51944,"href":"https:\/\/grande-cote.eramet.com\/fr\/wp-json\/wp\/v2\/pages\/51193\/revisions\/51944"}],"up":[{"embeddable":true,"href":"https:\/\/grande-cote.eramet.com\/fr\/wp-json\/wp\/v2\/pages\/50929"}],"wp:attachment":[{"href":"https:\/\/grande-cote.eramet.com\/fr\/wp-json\/wp\/v2\/media?parent=51193"}],"curies":[{"name":"wp","href":"https:\/\/api.w.org\/{rel}","templated":true}]}}