{"id":51184,"date":"2025-08-13T13:15:31","date_gmt":"2025-08-13T13:15:31","guid":{"rendered":"https:\/\/grande-cote.eramet.com\/?page_id=51184"},"modified":"2025-11-25T16:21:16","modified_gmt":"2025-11-25T16:21:16","slug":"produits-2","status":"publish","type":"page","link":"https:\/\/grande-cote.eramet.com\/fr\/activites\/produits-2\/","title":{"rendered":"Produits"},"content":{"rendered":"<div class=\"fusion-fullwidth fullwidth-box fusion-builder-row-1 fusion-flex-container has-pattern-background has-mask-background nonhundred-percent-fullwidth non-hundred-percent-height-scrolling\" style=\"--awb-border-radius-top-left:0px;--awb-border-radius-top-right:0px;--awb-border-radius-bottom-right:0px;--awb-border-radius-bottom-left:0px;--awb-flex-wrap:wrap;\" ><div class=\"fusion-builder-row fusion-row fusion-flex-align-items-flex-start fusion-flex-justify-content-center fusion-flex-content-wrap\" style=\"max-width:1468.8px;margin-left: calc(-2% \/ 2 );margin-right: calc(-2% \/ 2 );\"><div class=\"fusion-layout-column fusion_builder_column fusion-builder-column-0 fusion_builder_column_1_1 1_1 fusion-flex-column\" style=\"--awb-padding-right:20%;--awb-padding-right-medium:0px;--awb-bg-size:cover;--awb-width-large:100%;--awb-margin-top-large:0px;--awb-spacing-right-large:0.98%;--awb-margin-bottom-large:30px;--awb-spacing-left-large:0.98%;--awb-width-medium:100%;--awb-order-medium:0;--awb-spacing-right-medium:0.98%;--awb-spacing-left-medium:0.98%;--awb-width-small:100%;--awb-order-small:0;--awb-spacing-right-small:0.98%;--awb-spacing-left-small:0.98%;\"><div class=\"fusion-column-wrapper fusion-column-has-shadow fusion-flex-justify-content-flex-start fusion-content-layout-column\"><div class=\"fusion-text fusion-text-1\"><p><strong>Eramet Grande C\u00f4te<\/strong> commercialise deux grandes familles de produits&nbsp;: le <strong>zircon <\/strong>et les <strong>produits titanif\u00e8res <\/strong>(ilm\u00e9nite, rutile et leucox\u00e8ne).<\/p>\n<p>Les principales composantes de nos sables min\u00e9ralis\u00e9s sont l\u2019ilm\u00e9nite (Fe TiO<sub>3<\/sub>), le zircon (ZrSiO<sub>4<\/sub>), le leucox\u00e8ne et le rutile (TiO<sub>2<\/sub>).<\/p>\n<p>Ces min\u00e9raux jouent <strong>un r\u00f4le essentiel dans de nombreux secteurs industriels,<\/strong> notamment dans la production de pigments pour peintures, rev\u00eatements, plastiques ou encore c\u00e9ramiques, gr\u00e2ce \u00e0 leur fort pouvoir opacifiant.<\/p>\n<\/div><\/div><\/div><div class=\"fusion-layout-column fusion_builder_column fusion-builder-column-1 fusion_builder_column_1_3 1_3 fusion-flex-column block-16-9\" style=\"--awb-overflow:hidden;--awb-bg-size:cover;--awb-border-radius:10px 10px 10px 10px;--awb-width-large:33.333333333333%;--awb-margin-top-large:0px;--awb-spacing-right-large:2.94%;--awb-margin-bottom-large:30px;--awb-spacing-left-large:2.94%;--awb-width-medium:33.333333333333%;--awb-order-medium:0;--awb-spacing-right-medium:2.94%;--awb-spacing-left-medium:2.94%;--awb-width-small:66.666666666667%;--awb-order-small:0;--awb-spacing-right-small:1.47%;--awb-spacing-left-small:1.47%;\"><div class=\"fusion-column-wrapper lazyload fusion-column-has-shadow fusion-flex-justify-content-flex-start fusion-content-layout-column fusion-column-has-bg-image\" data-bg-url=\"https:\/\/grande-cote.eramet.com\/wp-content\/uploads\/sites\/26\/2025\/08\/Ilmenite-800x800.jpg\" data-bg=\"https:\/\/grande-cote.eramet.com\/wp-content\/uploads\/sites\/26\/2025\/08\/Ilmenite-800x800.jpg\"><div class=\"fusion-text fusion-text-2\"><\/div><\/div><\/div><div class=\"fusion-layout-column fusion_builder_column fusion-builder-column-2 fusion_builder_column_2_3 2_3 fusion-flex-column\" style=\"--awb-bg-size:cover;--awb-width-large:66.666666666667%;--awb-margin-top-large:0px;--awb-spacing-right-large:1.47%;--awb-margin-bottom-large:30px;--awb-spacing-left-large:1.47%;--awb-width-medium:66.666666666667%;--awb-order-medium:0;--awb-spacing-right-medium:1.47%;--awb-spacing-left-medium:1.47%;--awb-width-small:100%;--awb-order-small:0;--awb-spacing-right-small:0.98%;--awb-spacing-left-small:0.98%;\"><div class=\"fusion-column-wrapper fusion-column-has-shadow fusion-flex-justify-content-flex-start fusion-content-layout-column\"><div class=\"fusion-text fusion-text-3 fusion-text-no-margin\" style=\"--awb-margin-bottom:0px;\"><h2>L\u2019ilm\u00e9nite<\/h2>\n<p>Ce sable repr\u00e9sente l\u2019essentiel du volume de production d\u2019Eramet Grande C\u00f4te. Il se d\u00e9cline en plusieurs grades selon sa teneur en dioxyde de titane (TiO<sub>2<\/sub>)&nbsp;:<\/p>\n<ul>\n<li><strong>L\u2019ilm\u00e9nite 54<\/strong> : contient 54% de TiO<sub>2, <\/sub>principalement destin\u00e9 \u00e0 la production de laitier de dioxyde de titane.<\/li>\n<li><strong>L\u2019ilm\u00e9nite 58<\/strong> avec une teneur plus \u00e9lev\u00e9e est directement vendu aux producteurs de pigments.<\/li>\n<li><strong>L\u2019ilm\u00e9nite 56, <\/strong>initialement consid\u00e9r\u00e9 comme un d\u00e9chet de production non valorisable, fait d\u00e9sormais partie des produits commerciaux d\u2019Eramet Grande C\u00f4te gr\u00e2ce \u00e0 un travail de standardisation men\u00e9 en partenariat avec une industrie capable de le valoriser.<\/li>\n<\/ul>\n<\/div><\/div><\/div><div class=\"fusion-layout-column fusion_builder_column fusion-builder-column-3 fusion_builder_column_1_3 1_3 fusion-flex-column block-16-9\" style=\"--awb-overflow:hidden;--awb-bg-size:cover;--awb-border-radius:10px 10px 10px 10px;--awb-width-large:33.333333333333%;--awb-margin-top-large:0px;--awb-spacing-right-large:2.94%;--awb-margin-bottom-large:30px;--awb-spacing-left-large:2.94%;--awb-width-medium:33.333333333333%;--awb-order-medium:0;--awb-spacing-right-medium:2.94%;--awb-spacing-left-medium:2.94%;--awb-width-small:66.666666666667%;--awb-order-small:0;--awb-spacing-right-small:1.47%;--awb-spacing-left-small:1.47%;\"><div class=\"fusion-column-wrapper lazyload fusion-column-has-shadow fusion-flex-justify-content-flex-start fusion-content-layout-column fusion-column-has-bg-image\" data-bg-url=\"https:\/\/grande-cote.eramet.com\/wp-content\/uploads\/sites\/26\/2025\/08\/Zircon-800x800.jpg\" data-bg=\"https:\/\/grande-cote.eramet.com\/wp-content\/uploads\/sites\/26\/2025\/08\/Zircon-800x800.jpg\"><div class=\"fusion-text fusion-text-4\"><\/div><\/div><\/div><div class=\"fusion-layout-column fusion_builder_column fusion-builder-column-4 fusion_builder_column_2_3 2_3 fusion-flex-column\" style=\"--awb-bg-size:cover;--awb-width-large:66.666666666667%;--awb-margin-top-large:0px;--awb-spacing-right-large:1.47%;--awb-margin-bottom-large:30px;--awb-spacing-left-large:1.47%;--awb-width-medium:66.666666666667%;--awb-order-medium:0;--awb-spacing-right-medium:1.47%;--awb-spacing-left-medium:1.47%;--awb-width-small:100%;--awb-order-small:0;--awb-spacing-right-small:0.98%;--awb-spacing-left-small:0.98%;\"><div class=\"fusion-column-wrapper fusion-column-has-shadow fusion-flex-justify-content-flex-start fusion-content-layout-column\"><div class=\"fusion-text fusion-text-5 fusion-text-no-margin\" style=\"--awb-margin-bottom:0px;\"><h2>Le zircon<\/h2>\n<p>Le zircon est commercialis\u00e9 selon trois sp\u00e9cifications&nbsp;: Premium, Standard et un concentr\u00e9 \u00e0 plus faible teneur appel\u00e9 MGZS. Tous sont conditionn\u00e9s sous forme de sables et exp\u00e9di\u00e9s dans des \u00ab big bags \u00bb adapt\u00e9s \u00e0 la logistique internationale.<\/p>\n<p>Recherch\u00e9 pour sa robustesse et ses propri\u00e9t\u00e9s blanchissantes et opacifiantes, le zircon est essentiellement destin\u00e9 \u00e0 l\u2019<strong>industrie de la c\u00e9ramique<\/strong>. Blanchi, il entre dans la composition des frittes (l\u2019un des constituants de l\u2019\u00e9mail) et des vernis. Il est \u00e9galement employ\u00e9 dans des applications telles que les mat\u00e9riaux abrasifs ou r\u00e9sistants \u00e0 l\u2019abrasion, le nucl\u00e9aire (zirconium m\u00e9tal) ou encore les proth\u00e8ses dentaires.<\/p>\n<\/div><\/div><\/div><div class=\"fusion-layout-column fusion_builder_column fusion-builder-column-5 fusion_builder_column_1_3 1_3 fusion-flex-column block-16-9\" style=\"--awb-overflow:hidden;--awb-bg-size:cover;--awb-border-radius:10px 10px 10px 10px;--awb-width-large:33.333333333333%;--awb-margin-top-large:0px;--awb-spacing-right-large:2.94%;--awb-margin-bottom-large:30px;--awb-spacing-left-large:2.94%;--awb-width-medium:33.333333333333%;--awb-order-medium:0;--awb-spacing-right-medium:2.94%;--awb-spacing-left-medium:2.94%;--awb-width-small:66.666666666667%;--awb-order-small:0;--awb-spacing-right-small:1.47%;--awb-spacing-left-small:1.47%;\"><div class=\"fusion-column-wrapper lazyload fusion-column-has-shadow fusion-flex-justify-content-flex-start fusion-content-layout-column fusion-column-has-bg-image\" data-bg-url=\"https:\/\/grande-cote.eramet.com\/wp-content\/uploads\/sites\/26\/2025\/08\/Rutile-800x800.jpg\" data-bg=\"https:\/\/grande-cote.eramet.com\/wp-content\/uploads\/sites\/26\/2025\/08\/Rutile-800x800.jpg\"><div class=\"fusion-text fusion-text-6\"><\/div><\/div><\/div><div class=\"fusion-layout-column fusion_builder_column fusion-builder-column-6 fusion_builder_column_2_3 2_3 fusion-flex-column\" style=\"--awb-bg-size:cover;--awb-width-large:66.666666666667%;--awb-margin-top-large:0px;--awb-spacing-right-large:1.47%;--awb-margin-bottom-large:30px;--awb-spacing-left-large:1.47%;--awb-width-medium:66.666666666667%;--awb-order-medium:0;--awb-spacing-right-medium:1.47%;--awb-spacing-left-medium:1.47%;--awb-width-small:100%;--awb-order-small:0;--awb-spacing-right-small:0.98%;--awb-spacing-left-small:0.98%;\"><div class=\"fusion-column-wrapper fusion-column-has-shadow fusion-flex-justify-content-flex-start fusion-content-layout-column\"><div class=\"fusion-text fusion-text-7 fusion-text-no-margin\" style=\"--awb-margin-bottom:0px;\"><h2>Le rutile<\/h2>\n<p>Le rutile est compos\u00e9 \u00e0 95% de dioxyde de titane. La qualit\u00e9 produite est id\u00e9ale pour le march\u00e9 de la <strong>soudure \u00e0 arc \u00e9lectrique<\/strong>.<\/p>\n<\/div><\/div><\/div><div class=\"fusion-layout-column fusion_builder_column fusion-builder-column-7 fusion_builder_column_1_3 1_3 fusion-flex-column block-16-9\" style=\"--awb-overflow:hidden;--awb-bg-size:cover;--awb-border-radius:10px 10px 10px 10px;--awb-width-large:33.333333333333%;--awb-margin-top-large:0px;--awb-spacing-right-large:2.94%;--awb-margin-bottom-large:30px;--awb-spacing-left-large:2.94%;--awb-width-medium:33.333333333333%;--awb-order-medium:0;--awb-spacing-right-medium:2.94%;--awb-spacing-left-medium:2.94%;--awb-width-small:66.666666666667%;--awb-order-small:0;--awb-spacing-right-small:1.47%;--awb-spacing-left-small:1.47%;\"><div class=\"fusion-column-wrapper lazyload fusion-column-has-shadow fusion-flex-justify-content-flex-start fusion-content-layout-column fusion-column-has-bg-image\" data-bg-url=\"https:\/\/grande-cote.eramet.com\/wp-content\/uploads\/sites\/26\/2025\/08\/Leucoxene-800x800.jpg\" data-bg=\"https:\/\/grande-cote.eramet.com\/wp-content\/uploads\/sites\/26\/2025\/08\/Leucoxene-800x800.jpg\"><div class=\"fusion-text fusion-text-8\"><\/div><\/div><\/div><div class=\"fusion-layout-column fusion_builder_column fusion-builder-column-8 fusion_builder_column_2_3 2_3 fusion-flex-column\" style=\"--awb-bg-size:cover;--awb-width-large:66.666666666667%;--awb-margin-top-large:0px;--awb-spacing-right-large:1.47%;--awb-margin-bottom-large:30px;--awb-spacing-left-large:1.47%;--awb-width-medium:66.666666666667%;--awb-order-medium:0;--awb-spacing-right-medium:1.47%;--awb-spacing-left-medium:1.47%;--awb-width-small:100%;--awb-order-small:0;--awb-spacing-right-small:0.98%;--awb-spacing-left-small:0.98%;\"><div class=\"fusion-column-wrapper fusion-column-has-shadow fusion-flex-justify-content-flex-start fusion-content-layout-column\"><div class=\"fusion-text fusion-text-9 fusion-text-no-margin\" style=\"--awb-margin-bottom:0px;\"><h2>Le leucox\u00e8ne<\/h2>\n<p>Le leucox\u00e8ne, contenant 90% de TiO<sub>2<\/sub>, alimente \u00e9galement le march\u00e9 de la soudure \u00e0 arc \u00e9lectrique.<\/p>\n<\/div><\/div><\/div><\/div><\/div>\n","protected":false},"excerpt":{"rendered":"","protected":false},"author":4,"featured_media":0,"parent":50929,"menu_order":4,"comment_status":"closed","ping_status":"closed","template":"","meta":{"footnotes":""},"class_list":["post-51184","page","type-page","status-publish","hentry"],"yoast_head":"<!-- This site is optimized with the Yoast SEO plugin v26.8 - https:\/\/yoast.com\/product\/yoast-seo-wordpress\/ -->\n<title>Produits - Eramet Grande C\u00f4te<\/title>\n<meta name=\"robots\" content=\"index, follow, max-snippet:-1, max-image-preview:large, max-video-preview:-1\" \/>\n<link rel=\"canonical\" href=\"https:\/\/grande-cote.eramet.com\/fr\/activites\/produits-2\/\" \/>\n<meta property=\"og:locale\" content=\"fr_FR\" \/>\n<meta property=\"og:type\" content=\"article\" \/>\n<meta property=\"og:title\" content=\"Produits - Eramet Grande C\u00f4te\" \/>\n<meta property=\"og:url\" content=\"https:\/\/grande-cote.eramet.com\/fr\/activites\/produits-2\/\" \/>\n<meta property=\"og:site_name\" content=\"Eramet Grande C\u00f4te\" \/>\n<meta property=\"article:modified_time\" content=\"2025-11-25T16:21:16+00:00\" \/>\n<meta name=\"twitter:card\" content=\"summary_large_image\" \/>\n<meta name=\"twitter:label1\" content=\"Dur\u00e9e de lecture estim\u00e9e\" \/>\n\t<meta name=\"twitter:data1\" content=\"8 minutes\" \/>\n<script type=\"application\/ld+json\" class=\"yoast-schema-graph\">{\"@context\":\"https:\/\/schema.org\",\"@graph\":[{\"@type\":\"WebPage\",\"@id\":\"https:\/\/grande-cote.eramet.com\/fr\/activites\/produits-2\/\",\"url\":\"https:\/\/grande-cote.eramet.com\/fr\/activites\/produits-2\/\",\"name\":\"Produits - Eramet Grande C\u00f4te\",\"isPartOf\":{\"@id\":\"https:\/\/grande-cote.eramet.com\/fr\/#website\"},\"datePublished\":\"2025-08-13T13:15:31+00:00\",\"dateModified\":\"2025-11-25T16:21:16+00:00\",\"breadcrumb\":{\"@id\":\"https:\/\/grande-cote.eramet.com\/fr\/activites\/produits-2\/#breadcrumb\"},\"inLanguage\":\"fr-FR\",\"potentialAction\":[{\"@type\":\"ReadAction\",\"target\":[\"https:\/\/grande-cote.eramet.com\/fr\/activites\/produits-2\/\"]}]},{\"@type\":\"BreadcrumbList\",\"@id\":\"https:\/\/grande-cote.eramet.com\/fr\/activites\/produits-2\/#breadcrumb\",\"itemListElement\":[{\"@type\":\"ListItem\",\"position\":1,\"name\":\"Home\",\"item\":\"https:\/\/grande-cote.eramet.com\/fr\/\"},{\"@type\":\"ListItem\",\"position\":2,\"name\":\"Activit\u00e9s\",\"item\":\"https:\/\/grande-cote.eramet.com\/fr\/activites\/\"},{\"@type\":\"ListItem\",\"position\":3,\"name\":\"Produits\"}]},{\"@type\":\"WebSite\",\"@id\":\"https:\/\/grande-cote.eramet.com\/fr\/#website\",\"url\":\"https:\/\/grande-cote.eramet.com\/fr\/\",\"name\":\"Eramet Grande C\u00f4te\",\"description\":\"\",\"potentialAction\":[{\"@type\":\"SearchAction\",\"target\":{\"@type\":\"EntryPoint\",\"urlTemplate\":\"https:\/\/grande-cote.eramet.com\/fr\/?s={search_term_string}\"},\"query-input\":{\"@type\":\"PropertyValueSpecification\",\"valueRequired\":true,\"valueName\":\"search_term_string\"}}],\"inLanguage\":\"fr-FR\"}]}<\/script>\n<!-- \/ Yoast SEO plugin. -->","yoast_head_json":{"title":"Produits - Eramet Grande C\u00f4te","robots":{"index":"index","follow":"follow","max-snippet":"max-snippet:-1","max-image-preview":"max-image-preview:large","max-video-preview":"max-video-preview:-1"},"canonical":"https:\/\/grande-cote.eramet.com\/fr\/activites\/produits-2\/","og_locale":"fr_FR","og_type":"article","og_title":"Produits - Eramet Grande C\u00f4te","og_url":"https:\/\/grande-cote.eramet.com\/fr\/activites\/produits-2\/","og_site_name":"Eramet Grande C\u00f4te","article_modified_time":"2025-11-25T16:21:16+00:00","twitter_card":"summary_large_image","twitter_misc":{"Dur\u00e9e de lecture estim\u00e9e":"8 minutes"},"schema":{"@context":"https:\/\/schema.org","@graph":[{"@type":"WebPage","@id":"https:\/\/grande-cote.eramet.com\/fr\/activites\/produits-2\/","url":"https:\/\/grande-cote.eramet.com\/fr\/activites\/produits-2\/","name":"Produits - Eramet Grande C\u00f4te","isPartOf":{"@id":"https:\/\/grande-cote.eramet.com\/fr\/#website"},"datePublished":"2025-08-13T13:15:31+00:00","dateModified":"2025-11-25T16:21:16+00:00","breadcrumb":{"@id":"https:\/\/grande-cote.eramet.com\/fr\/activites\/produits-2\/#breadcrumb"},"inLanguage":"fr-FR","potentialAction":[{"@type":"ReadAction","target":["https:\/\/grande-cote.eramet.com\/fr\/activites\/produits-2\/"]}]},{"@type":"BreadcrumbList","@id":"https:\/\/grande-cote.eramet.com\/fr\/activites\/produits-2\/#breadcrumb","itemListElement":[{"@type":"ListItem","position":1,"name":"Home","item":"https:\/\/grande-cote.eramet.com\/fr\/"},{"@type":"ListItem","position":2,"name":"Activit\u00e9s","item":"https:\/\/grande-cote.eramet.com\/fr\/activites\/"},{"@type":"ListItem","position":3,"name":"Produits"}]},{"@type":"WebSite","@id":"https:\/\/grande-cote.eramet.com\/fr\/#website","url":"https:\/\/grande-cote.eramet.com\/fr\/","name":"Eramet Grande C\u00f4te","description":"","potentialAction":[{"@type":"SearchAction","target":{"@type":"EntryPoint","urlTemplate":"https:\/\/grande-cote.eramet.com\/fr\/?s={search_term_string}"},"query-input":{"@type":"PropertyValueSpecification","valueRequired":true,"valueName":"search_term_string"}}],"inLanguage":"fr-FR"}]}},"acf":[],"_links":{"self":[{"href":"https:\/\/grande-cote.eramet.com\/fr\/wp-json\/wp\/v2\/pages\/51184","targetHints":{"allow":["GET"]}}],"collection":[{"href":"https:\/\/grande-cote.eramet.com\/fr\/wp-json\/wp\/v2\/pages"}],"about":[{"href":"https:\/\/grande-cote.eramet.com\/fr\/wp-json\/wp\/v2\/types\/page"}],"author":[{"embeddable":true,"href":"https:\/\/grande-cote.eramet.com\/fr\/wp-json\/wp\/v2\/users\/4"}],"replies":[{"embeddable":true,"href":"https:\/\/grande-cote.eramet.com\/fr\/wp-json\/wp\/v2\/comments?post=51184"}],"version-history":[{"count":12,"href":"https:\/\/grande-cote.eramet.com\/fr\/wp-json\/wp\/v2\/pages\/51184\/revisions"}],"predecessor-version":[{"id":51942,"href":"https:\/\/grande-cote.eramet.com\/fr\/wp-json\/wp\/v2\/pages\/51184\/revisions\/51942"}],"up":[{"embeddable":true,"href":"https:\/\/grande-cote.eramet.com\/fr\/wp-json\/wp\/v2\/pages\/50929"}],"wp:attachment":[{"href":"https:\/\/grande-cote.eramet.com\/fr\/wp-json\/wp\/v2\/media?parent=51184"}],"curies":[{"name":"wp","href":"https:\/\/api.w.org\/{rel}","templated":true}]}}