{"id":50945,"date":"2024-11-15T11:29:55","date_gmt":"2024-11-15T10:29:55","guid":{"rendered":"https:\/\/new.eramet.ovh\/?page_id=50766"},"modified":"2026-03-02T13:45:53","modified_gmt":"2026-03-02T13:45:53","slug":"ethique-deontologie","status":"publish","type":"page","link":"https:\/\/grande-cote.eramet.com\/fr\/engagements\/ethique-deontologie\/","title":{"rendered":"\u00c9thique &amp; d\u00e9ontologie"},"content":{"rendered":"<p><div class=\"fusion-fullwidth fullwidth-box fusion-builder-row-1 fusion-flex-container has-pattern-background has-mask-background nonhundred-percent-fullwidth non-hundred-percent-height-scrolling\" style=\"--awb-border-radius-top-left:0px;--awb-border-radius-top-right:0px;--awb-border-radius-bottom-right:0px;--awb-border-radius-bottom-left:0px;--awb-padding-bottom:0px;--awb-flex-wrap:wrap;\" ><div class=\"fusion-builder-row fusion-row fusion-flex-align-items-stretch fusion-flex-justify-content-center fusion-flex-content-wrap\" style=\"max-width:1468.8px;margin-left: calc(-2% \/ 2 );margin-right: calc(-2% \/ 2 );\"><div class=\"fusion-layout-column fusion_builder_column fusion-builder-column-0 fusion_builder_column_1_2 1_2 fusion-flex-column\" style=\"--awb-bg-size:cover;--awb-width-large:50%;--awb-margin-top-large:0px;--awb-spacing-right-large:1.96%;--awb-margin-bottom-large:50px;--awb-spacing-left-large:1.96%;--awb-width-medium:50%;--awb-order-medium:0;--awb-spacing-right-medium:1.96%;--awb-spacing-left-medium:1.96%;--awb-width-small:100%;--awb-order-small:0;--awb-spacing-right-small:0.98%;--awb-spacing-left-small:0.98%;\"><div class=\"fusion-column-wrapper fusion-column-has-shadow fusion-flex-justify-content-flex-start fusion-content-layout-column\"><div class=\"fusion-text fusion-text-1\"><h2 data-fontsize=\"30\" style=\"--fontSize: 30;line-height: 1.2\" data-lineheight=\"36px\" class=\"fusion-responsive-typography-calculated\">EthicLine : un dispositif d\u2019alerte pour tous<\/h2>\n<p>Toute personne estimant qu\u2019une valeur ou un principe promu par la Charte \u00c9thique est viol\u00e9 ou qu\u2019il existe des pratiques contraires \u00e0 l\u2019\u00c9thique est invit\u00e9 \u00e0 le signaler :<\/p>\n<ul>\n<li>Aupr\u00e8s d\u2019Eramet Grande C\u00f4te, par un appel au num\u00e9ro gratuit mis \u00e0 disposition :<br \/>le <strong>+221 76 552 40 06<br \/><\/strong>Une bo\u00eete vocale est accessible 24h\/24 et 7j\/7.<\/li>\n<li>Soit sur le dispositif d\u2019alerte professionnelle <strong>EthicLine<\/strong> via l\u2019interface<br \/><a href=\"https:\/\/ethicline.eramet.com\/\" target=\"_blank\" rel=\"noopener noreferrer\">https:\/\/ethicline.eramet.com<\/a><\/li>\n<\/ul>\n<\/div><div class=\"fusion-text fusion-text-2\"><p>L\u2019alerte devra \u00eatre \u00e9tay\u00e9e par tout fait, information ou document, quelle que soit la forme de sa communication, afin de permettre un \u00e9change avec le Responsable de la Conformit\u00e9 \u00c9thique.<\/p>\n<p>Le RCE ainsi que le d\u00e9ontologue du groupe Eramet garantissent au \u00ab lanceur d\u2019alerte \u00bb une <strong>totale confidentialit\u00e9<\/strong> ainsi que l\u2019impartialit\u00e9 et la rigueur de la proc\u00e9dure de traitement des alertes. Ils proc\u00e9deront aux investigations n\u00e9cessaires pour \u00e9tablir la mat\u00e9rialit\u00e9 des faits et, le cas \u00e9ch\u00e9ant, prendront les mesures requises pour rem\u00e9dier \u00e0 la situation.<\/p>\n<\/div><\/div><\/div><div class=\"fusion-layout-column fusion_builder_column fusion-builder-column-1 fusion_builder_column_1_2 1_2 fusion-flex-column block-16-9\" style=\"--awb-bg-size:cover;--awb-width-large:50%;--awb-margin-top-large:0px;--awb-spacing-right-large:1.96%;--awb-margin-bottom-large:50px;--awb-spacing-left-large:1.96%;--awb-width-medium:50%;--awb-order-medium:0;--awb-spacing-right-medium:1.96%;--awb-spacing-left-medium:1.96%;--awb-width-small:100%;--awb-order-small:0;--awb-spacing-right-small:0.98%;--awb-spacing-left-small:0.98%;\"><div class=\"fusion-column-wrapper fusion-column-has-shadow fusion-flex-justify-content-center fusion-content-layout-column\"><div class=\"fusion-image-element \" style=\"text-align:center;--awb-margin-bottom:50px;--awb-caption-title-font-family:var(--h2_typography-font-family);--awb-caption-title-font-weight:var(--h2_typography-font-weight);--awb-caption-title-font-style:var(--h2_typography-font-style);--awb-caption-title-size:var(--h2_typography-font-size);--awb-caption-title-transform:var(--h2_typography-text-transform);--awb-caption-title-line-height:var(--h2_typography-line-height);--awb-caption-title-letter-spacing:var(--h2_typography-letter-spacing);\"><span class=\" fusion-imageframe imageframe-none imageframe-1 hover-type-none\"><a class=\"fusion-no-lightbox\" href=\"https:\/\/ethicline.eramet.com\/\" target=\"_blank\" aria-label=\"Eramet-EthicLine-logo\" rel=\"noopener noreferrer\"><img decoding=\"async\" width=\"200\" height=\"154\" alt=\"EthicLine\" src=\"data:image\/svg+xml,%3Csvg%20xmlns%3D%27http%3A%2F%2Fwww.w3.org%2F2000%2Fsvg%27%20width%3D%27200%27%20height%3D%27154%27%20viewBox%3D%270%200%20200%20154%27%3E%3Crect%20width%3D%27200%27%20height%3D%27154%27%20fill-opacity%3D%220%22%2F%3E%3C%2Fsvg%3E\" data-orig-src=\"https:\/\/grande-cote.eramet.com\/wp-content\/uploads\/sites\/26\/2025\/08\/Eramet-EthicLine-logo.png\" class=\"lazyload img-responsive wp-image-51472\"\/><\/a><\/span><\/div><div class=\"fusion-image-element \" style=\"text-align:center;--awb-max-width:200px;--awb-caption-title-font-family:var(--h2_typography-font-family);--awb-caption-title-font-weight:var(--h2_typography-font-weight);--awb-caption-title-font-style:var(--h2_typography-font-style);--awb-caption-title-size:var(--h2_typography-font-size);--awb-caption-title-transform:var(--h2_typography-text-transform);--awb-caption-title-line-height:var(--h2_typography-line-height);--awb-caption-title-letter-spacing:var(--h2_typography-letter-spacing);\"><span class=\" fusion-imageframe imageframe-none imageframe-2 hover-type-none\"><a class=\"fusion-no-lightbox\" href=\"https:\/\/ethicline.eramet.com\/\" target=\"_blank\" aria-label=\"EthicLine-QRcode\" rel=\"noopener noreferrer\"><img decoding=\"async\" width=\"400\" height=\"400\" alt=\"EthicLine\" src=\"https:\/\/grande-cote.eramet.com\/wp-content\/uploads\/sites\/26\/2025\/08\/EthicLine-QRcode.png\" data-orig-src=\"https:\/\/grande-cote.eramet.com\/wp-content\/uploads\/sites\/26\/2025\/08\/EthicLine-QRcode.png\" class=\"lazyload img-responsive wp-image-51470\" srcset=\"data:image\/svg+xml,%3Csvg%20xmlns%3D%27http%3A%2F%2Fwww.w3.org%2F2000%2Fsvg%27%20width%3D%27400%27%20height%3D%27400%27%20viewBox%3D%270%200%20400%20400%27%3E%3Crect%20width%3D%27400%27%20height%3D%27400%27%20fill-opacity%3D%220%22%2F%3E%3C%2Fsvg%3E\" data-srcset=\"https:\/\/grande-cote.eramet.com\/wp-content\/uploads\/sites\/26\/2025\/08\/EthicLine-QRcode-200x200.png 200w, https:\/\/grande-cote.eramet.com\/wp-content\/uploads\/sites\/26\/2025\/08\/EthicLine-QRcode.png 400w\" data-sizes=\"auto\" data-orig-sizes=\"(max-width: 640px) 100vw, 400px\" \/><\/a><\/span><\/div><\/div><\/div><\/div><\/div><div class=\"fusion-fullwidth fullwidth-box fusion-builder-row-2 fusion-flex-container has-pattern-background has-mask-background nonhundred-percent-fullwidth non-hundred-percent-height-scrolling\" style=\"--awb-border-radius-top-left:0px;--awb-border-radius-top-right:0px;--awb-border-radius-bottom-right:0px;--awb-border-radius-bottom-left:0px;--awb-padding-bottom:40px;--awb-flex-wrap:wrap;\" ><div class=\"fusion-builder-row fusion-row fusion-flex-align-items-stretch fusion-flex-justify-content-center fusion-flex-content-wrap\" style=\"max-width:1468.8px;margin-left: calc(-2% \/ 2 );margin-right: calc(-2% \/ 2 );\"><div class=\"fusion-layout-column fusion_builder_column fusion-builder-column-2 fusion_builder_column_1_1 1_1 fusion-flex-column\" style=\"--awb-padding-right:20%;--awb-bg-size:cover;--awb-width-large:100%;--awb-margin-top-large:0px;--awb-spacing-right-large:0.98%;--awb-margin-bottom-large:30px;--awb-spacing-left-large:0.98%;--awb-width-medium:100%;--awb-order-medium:0;--awb-spacing-right-medium:0.98%;--awb-spacing-left-medium:0.98%;--awb-width-small:100%;--awb-order-small:0;--awb-spacing-right-small:0.98%;--awb-spacing-left-small:0.98%;\"><div class=\"fusion-column-wrapper fusion-column-has-shadow fusion-flex-justify-content-flex-start fusion-content-layout-column\"><div class=\"fusion-text fusion-text-3\"><h3>Vos contacts<\/h3>\n<\/div><\/div><\/div><div class=\"fusion-layout-column fusion_builder_column fusion-builder-column-3 fusion_builder_column_1_3 1_3 fusion-flex-column\" style=\"--awb-padding-top:40px;--awb-padding-right:40px;--awb-padding-bottom:40px;--awb-padding-left:40px;--awb-overflow:hidden;--awb-bg-color:var(--awb-custom_color_6);--awb-bg-color-hover:var(--awb-custom_color_6);--awb-bg-size:cover;--awb-border-color:var(--awb-color7);--awb-border-style:solid;--awb-border-radius:10px 10px 10px 10px;--awb-width-large:33.333333333333%;--awb-margin-top-large:0px;--awb-spacing-right-large:2.94%;--awb-margin-bottom-large:20px;--awb-spacing-left-large:2.94%;--awb-width-medium:66.666666666667%;--awb-order-medium:0;--awb-spacing-right-medium:1.47%;--awb-spacing-left-medium:1.47%;--awb-width-small:100%;--awb-order-small:0;--awb-spacing-right-small:0.98%;--awb-spacing-left-small:0.98%;\"><div class=\"fusion-column-wrapper fusion-column-has-shadow fusion-flex-justify-content-flex-start fusion-content-layout-column\"><div class=\"fusion-image-element \" style=\"text-align:center;--awb-margin-bottom:20px;--awb-max-width:200px;--awb-caption-title-font-family:var(--h2_typography-font-family);--awb-caption-title-font-weight:var(--h2_typography-font-weight);--awb-caption-title-font-style:var(--h2_typography-font-style);--awb-caption-title-size:var(--h2_typography-font-size);--awb-caption-title-transform:var(--h2_typography-text-transform);--awb-caption-title-line-height:var(--h2_typography-line-height);--awb-caption-title-letter-spacing:var(--h2_typography-letter-spacing);\"><span class=\" fusion-imageframe imageframe-none imageframe-3 hover-type-none\" style=\"border-radius:100%;\"><img decoding=\"async\" width=\"300\" height=\"300\" title=\"Gorgui Moussa Diallo\" src=\"https:\/\/grande-cote.eramet.com\/wp-content\/uploads\/sites\/26\/2026\/03\/Gorgui-Moussa-Diallo.jpeg\" data-orig-src=\"https:\/\/grande-cote.eramet.com\/wp-content\/uploads\/sites\/26\/2026\/03\/Gorgui-Moussa-Diallo-300x300.jpeg\" alt class=\"lazyload img-responsive wp-image-52435\" srcset=\"data:image\/svg+xml,%3Csvg%20xmlns%3D%27http%3A%2F%2Fwww.w3.org%2F2000%2Fsvg%27%20width%3D%27800%27%20height%3D%27800%27%20viewBox%3D%270%200%20800%20800%27%3E%3Crect%20width%3D%27800%27%20height%3D%27800%27%20fill-opacity%3D%220%22%2F%3E%3C%2Fsvg%3E\" data-srcset=\"https:\/\/grande-cote.eramet.com\/wp-content\/uploads\/sites\/26\/2026\/03\/Gorgui-Moussa-Diallo-200x200.jpeg 200w, https:\/\/grande-cote.eramet.com\/wp-content\/uploads\/sites\/26\/2026\/03\/Gorgui-Moussa-Diallo-400x400.jpeg 400w, https:\/\/grande-cote.eramet.com\/wp-content\/uploads\/sites\/26\/2026\/03\/Gorgui-Moussa-Diallo-600x600.jpeg 600w, https:\/\/grande-cote.eramet.com\/wp-content\/uploads\/sites\/26\/2026\/03\/Gorgui-Moussa-Diallo.jpeg 800w\" data-sizes=\"auto\" data-orig-sizes=\"(max-width: 640px) 100vw, 400px\" \/><\/span><\/div><div class=\"fusion-text fusion-text-4 fusion-text-no-margin\" style=\"--awb-content-alignment:center;--awb-margin-bottom:0px;\"><p><b>Gorgui Moussa DIALLO<\/b><br \/>Le Responsable Conformit\u00e9 \u00c9thique<\/p>\n<p>Tel : +221  76 552 40 06<br \/>Email : <a href=\"mailto:makhtar.sy@eramet.com\" target=\"_blank\" rel=\"noopener\">gm.diallo@eramet.com<\/a><\/p>\n<\/div><\/div><\/div><\/div><\/div><\/p>\n","protected":false},"excerpt":{"rendered":"","protected":false},"author":4,"featured_media":0,"parent":50930,"menu_order":2,"comment_status":"closed","ping_status":"closed","template":"","meta":{"footnotes":""},"class_list":["post-50945","page","type-page","status-publish","hentry"],"yoast_head":"<!-- This site is optimized with the Yoast SEO plugin v26.8 - https:\/\/yoast.com\/product\/yoast-seo-wordpress\/ -->\n<title>\u00c9thique &amp; d\u00e9ontologie - Eramet Grande C\u00f4te<\/title>\n<meta name=\"robots\" content=\"index, follow, max-snippet:-1, max-image-preview:large, max-video-preview:-1\" \/>\n<link rel=\"canonical\" href=\"https:\/\/grande-cote.eramet.com\/fr\/engagements\/ethique-deontologie\/\" \/>\n<meta property=\"og:locale\" content=\"fr_FR\" \/>\n<meta property=\"og:type\" content=\"article\" \/>\n<meta property=\"og:title\" content=\"\u00c9thique &amp; d\u00e9ontologie - Eramet Grande C\u00f4te\" \/>\n<meta property=\"og:url\" content=\"https:\/\/grande-cote.eramet.com\/fr\/engagements\/ethique-deontologie\/\" \/>\n<meta property=\"og:site_name\" content=\"Eramet Grande C\u00f4te\" \/>\n<meta property=\"article:modified_time\" content=\"2026-03-02T13:45:53+00:00\" \/>\n<meta name=\"twitter:card\" content=\"summary_large_image\" \/>\n<script type=\"application\/ld+json\" class=\"yoast-schema-graph\">{\"@context\":\"https:\/\/schema.org\",\"@graph\":[{\"@type\":\"WebPage\",\"@id\":\"https:\/\/grande-cote.eramet.com\/fr\/engagements\/ethique-deontologie\/\",\"url\":\"https:\/\/grande-cote.eramet.com\/fr\/engagements\/ethique-deontologie\/\",\"name\":\"\u00c9thique &amp; d\u00e9ontologie - Eramet Grande C\u00f4te\",\"isPartOf\":{\"@id\":\"https:\/\/grande-cote.eramet.com\/fr\/#website\"},\"datePublished\":\"2024-11-15T10:29:55+00:00\",\"dateModified\":\"2026-03-02T13:45:53+00:00\",\"breadcrumb\":{\"@id\":\"https:\/\/grande-cote.eramet.com\/fr\/engagements\/ethique-deontologie\/#breadcrumb\"},\"inLanguage\":\"fr-FR\",\"potentialAction\":[{\"@type\":\"ReadAction\",\"target\":[\"https:\/\/grande-cote.eramet.com\/fr\/engagements\/ethique-deontologie\/\"]}]},{\"@type\":\"BreadcrumbList\",\"@id\":\"https:\/\/grande-cote.eramet.com\/fr\/engagements\/ethique-deontologie\/#breadcrumb\",\"itemListElement\":[{\"@type\":\"ListItem\",\"position\":1,\"name\":\"Home\",\"item\":\"https:\/\/grande-cote.eramet.com\/fr\/\"},{\"@type\":\"ListItem\",\"position\":2,\"name\":\"Engagements\",\"item\":\"https:\/\/grande-cote.eramet.com\/fr\/engagements\/\"},{\"@type\":\"ListItem\",\"position\":3,\"name\":\"\u00c9thique &amp; d\u00e9ontologie\"}]},{\"@type\":\"WebSite\",\"@id\":\"https:\/\/grande-cote.eramet.com\/fr\/#website\",\"url\":\"https:\/\/grande-cote.eramet.com\/fr\/\",\"name\":\"Eramet Grande C\u00f4te\",\"description\":\"\",\"potentialAction\":[{\"@type\":\"SearchAction\",\"target\":{\"@type\":\"EntryPoint\",\"urlTemplate\":\"https:\/\/grande-cote.eramet.com\/fr\/?s={search_term_string}\"},\"query-input\":{\"@type\":\"PropertyValueSpecification\",\"valueRequired\":true,\"valueName\":\"search_term_string\"}}],\"inLanguage\":\"fr-FR\"}]}<\/script>\n<!-- \/ Yoast SEO plugin. -->","yoast_head_json":{"title":"\u00c9thique &amp; d\u00e9ontologie - Eramet Grande C\u00f4te","robots":{"index":"index","follow":"follow","max-snippet":"max-snippet:-1","max-image-preview":"max-image-preview:large","max-video-preview":"max-video-preview:-1"},"canonical":"https:\/\/grande-cote.eramet.com\/fr\/engagements\/ethique-deontologie\/","og_locale":"fr_FR","og_type":"article","og_title":"\u00c9thique &amp; d\u00e9ontologie - Eramet Grande C\u00f4te","og_url":"https:\/\/grande-cote.eramet.com\/fr\/engagements\/ethique-deontologie\/","og_site_name":"Eramet Grande C\u00f4te","article_modified_time":"2026-03-02T13:45:53+00:00","twitter_card":"summary_large_image","schema":{"@context":"https:\/\/schema.org","@graph":[{"@type":"WebPage","@id":"https:\/\/grande-cote.eramet.com\/fr\/engagements\/ethique-deontologie\/","url":"https:\/\/grande-cote.eramet.com\/fr\/engagements\/ethique-deontologie\/","name":"\u00c9thique &amp; d\u00e9ontologie - Eramet Grande C\u00f4te","isPartOf":{"@id":"https:\/\/grande-cote.eramet.com\/fr\/#website"},"datePublished":"2024-11-15T10:29:55+00:00","dateModified":"2026-03-02T13:45:53+00:00","breadcrumb":{"@id":"https:\/\/grande-cote.eramet.com\/fr\/engagements\/ethique-deontologie\/#breadcrumb"},"inLanguage":"fr-FR","potentialAction":[{"@type":"ReadAction","target":["https:\/\/grande-cote.eramet.com\/fr\/engagements\/ethique-deontologie\/"]}]},{"@type":"BreadcrumbList","@id":"https:\/\/grande-cote.eramet.com\/fr\/engagements\/ethique-deontologie\/#breadcrumb","itemListElement":[{"@type":"ListItem","position":1,"name":"Home","item":"https:\/\/grande-cote.eramet.com\/fr\/"},{"@type":"ListItem","position":2,"name":"Engagements","item":"https:\/\/grande-cote.eramet.com\/fr\/engagements\/"},{"@type":"ListItem","position":3,"name":"\u00c9thique &amp; d\u00e9ontologie"}]},{"@type":"WebSite","@id":"https:\/\/grande-cote.eramet.com\/fr\/#website","url":"https:\/\/grande-cote.eramet.com\/fr\/","name":"Eramet Grande C\u00f4te","description":"","potentialAction":[{"@type":"SearchAction","target":{"@type":"EntryPoint","urlTemplate":"https:\/\/grande-cote.eramet.com\/fr\/?s={search_term_string}"},"query-input":{"@type":"PropertyValueSpecification","valueRequired":true,"valueName":"search_term_string"}}],"inLanguage":"fr-FR"}]}},"acf":[],"_links":{"self":[{"href":"https:\/\/grande-cote.eramet.com\/fr\/wp-json\/wp\/v2\/pages\/50945","targetHints":{"allow":["GET"]}}],"collection":[{"href":"https:\/\/grande-cote.eramet.com\/fr\/wp-json\/wp\/v2\/pages"}],"about":[{"href":"https:\/\/grande-cote.eramet.com\/fr\/wp-json\/wp\/v2\/types\/page"}],"author":[{"embeddable":true,"href":"https:\/\/grande-cote.eramet.com\/fr\/wp-json\/wp\/v2\/users\/4"}],"replies":[{"embeddable":true,"href":"https:\/\/grande-cote.eramet.com\/fr\/wp-json\/wp\/v2\/comments?post=50945"}],"version-history":[{"count":17,"href":"https:\/\/grande-cote.eramet.com\/fr\/wp-json\/wp\/v2\/pages\/50945\/revisions"}],"predecessor-version":[{"id":52441,"href":"https:\/\/grande-cote.eramet.com\/fr\/wp-json\/wp\/v2\/pages\/50945\/revisions\/52441"}],"up":[{"embeddable":true,"href":"https:\/\/grande-cote.eramet.com\/fr\/wp-json\/wp\/v2\/pages\/50930"}],"wp:attachment":[{"href":"https:\/\/grande-cote.eramet.com\/fr\/wp-json\/wp\/v2\/media?parent=50945"}],"curies":[{"name":"wp","href":"https:\/\/api.w.org\/{rel}","templated":true}]}}