{"id":50938,"date":"2024-11-15T11:23:21","date_gmt":"2024-11-15T10:23:21","guid":{"rendered":"https:\/\/new.eramet.ovh\/?page_id=50751"},"modified":"2025-11-25T16:10:18","modified_gmt":"2025-11-25T16:10:18","slug":"histoire","status":"publish","type":"page","link":"https:\/\/grande-cote.eramet.com\/fr\/eramet-grande-cote\/histoire\/","title":{"rendered":"Histoire"},"content":{"rendered":"<div class=\"fusion-fullwidth fullwidth-box fusion-builder-row-1 fusion-flex-container has-pattern-background has-mask-background nonhundred-percent-fullwidth non-hundred-percent-height-scrolling\" style=\"--awb-border-radius-top-left:0px;--awb-border-radius-top-right:0px;--awb-border-radius-bottom-right:0px;--awb-border-radius-bottom-left:0px;--awb-flex-wrap:wrap;\" id=\"chrono\" ><div class=\"fusion-builder-row fusion-row fusion-flex-align-items-flex-start fusion-flex-justify-content-center fusion-flex-content-wrap\" style=\"max-width:1468.8px;margin-left: calc(-2% \/ 2 );margin-right: calc(-2% \/ 2 );\"><div class=\"fusion-layout-column fusion_builder_column fusion-builder-column-0 fusion_builder_column_2_3 2_3 fusion-flex-column\" style=\"--awb-bg-size:cover;--awb-width-large:66.666666666667%;--awb-margin-top-large:0px;--awb-spacing-right-large:1.47%;--awb-margin-bottom-large:30px;--awb-spacing-left-large:1.47%;--awb-width-medium:66.666666666667%;--awb-order-medium:0;--awb-spacing-right-medium:1.47%;--awb-spacing-left-medium:1.47%;--awb-width-small:100%;--awb-order-small:0;--awb-spacing-right-small:0.98%;--awb-spacing-left-small:0.98%;\"><div class=\"fusion-column-wrapper fusion-column-has-shadow fusion-flex-justify-content-flex-start fusion-content-layout-column\"><div class=\"fusion-content-boxes content-boxes columns row fusion-columns-1 fusion-columns-total-5 fusion-content-boxes-1 content-boxes-timeline-vertical content-left content-boxes-timeline-layout content-boxes-icon-with-title fusion-delayed-animation\" style=\"--awb-hover-accent-color:var(--awb-color7);--awb-circle-hover-accent-color:var(--awb-color7);--awb-item-margin-bottom:40px;\" data-animation-delay=\"350\" data-animationOffset=\"top-into-view\"><div style=\"--awb-backgroundcolor:rgba(255,255,255,0);--awb-content-padding-left:46px;\" class=\"fusion-column content-box-column content-box-column content-box-column-1 col-lg-12 col-md-12 col-sm-12 fusion-content-box-hover content-box-column-last-in-row\"><div class=\"col content-box-wrapper content-wrapper link-area-box icon-hover-animation-none fusion-animated\" data-animationType=\"fadeIn\" data-animationDuration=\"0.25\" data-animationOffset=\"top-into-view\"><div class=\"heading heading-with-icon icon-left\"><div class=\"icon\" style=\"-webkit-animation-duration: 350ms;animation-duration: 350ms;\"><i style=\"border-color:var(--awb-color7);border-width:0px;background-color:var(--awb-color7);box-sizing:content-box;height:26px;width:26px;line-height:26px;border-radius:50%;font-size:13px;\" aria-hidden=\"true\" class=\"fontawesome-icon fa-bullseye fas circle-yes\"><\/i><\/div><h4 class=\"content-box-heading fusion-responsive-typography-calculated\" style=\"--h4_typography-font-size:30px;--fontSize:30;line-height:1.2;\">2022<\/h4><\/div><div class=\"fusion-clearfix\"><\/div><div class=\"content-container\">\n<p>Mise en service de l\u2019unit\u00e9 d\u2019extraction \u00e0 sec<\/p>\n<\/div><div class=\"content-box-shortcode-timeline-vertical\" style=\"border-color:var(--awb-color7);left:28px;top:15px;-webkit-transition-duration: 350ms;animation-duration: 350ms;\"><\/div><\/div><\/div><div style=\"--awb-backgroundcolor:rgba(255,255,255,0);--awb-content-padding-left:46px;\" class=\"fusion-column content-box-column content-box-column content-box-column-2 col-lg-12 col-md-12 col-sm-12 fusion-content-box-hover content-box-column-last-in-row\"><div class=\"col content-box-wrapper content-wrapper link-area-box icon-hover-animation-none fusion-animated\" data-animationType=\"fadeIn\" data-animationDuration=\"0.25\" data-animationOffset=\"top-into-view\"><div class=\"heading heading-with-icon icon-left\"><div class=\"icon\" style=\"-webkit-animation-duration: 350ms;animation-duration: 350ms;\"><i style=\"border-color:var(--awb-color7);border-width:0px;background-color:var(--awb-color7);box-sizing:content-box;height:26px;width:26px;line-height:26px;border-radius:50%;font-size:13px;\" aria-hidden=\"true\" class=\"fontawesome-icon fa-bullseye fas circle-yes\"><\/i><\/div><h4 class=\"content-box-heading fusion-responsive-typography-calculated\" style=\"--h4_typography-font-size:30px;--fontSize:30;line-height:1.2;\">2018<\/h4><\/div><div class=\"fusion-clearfix\"><\/div><div class=\"content-container\">Acquisition par Eramet de 100 % de TiZir via le rachat des titres de Mineral Deposits ltd. L\u2019entit\u00e9 regroupe 2 sites : le site minier au S\u00e9n\u00e9gal et l\u2019usine de TiZir Titanium and Iron (TTI) \u00e0 Tyssedal en Norv\u00e8ge, qui valorise l\u2019ilm\u00e9nite pour produire du laitier de dioxyde de titane.<\/p>\n<p>Eramet a c\u00e9d\u00e9 TTI en septembre 2023.<\/div><div class=\"content-box-shortcode-timeline-vertical\" style=\"border-color:var(--awb-color7);left:28px;top:15px;-webkit-transition-duration: 350ms;animation-duration: 350ms;\"><\/div><\/div><\/div><div style=\"--awb-backgroundcolor:rgba(255,255,255,0);--awb-content-padding-left:46px;\" class=\"fusion-column content-box-column content-box-column content-box-column-3 col-lg-12 col-md-12 col-sm-12 fusion-content-box-hover content-box-column-last-in-row\"><div class=\"col content-box-wrapper content-wrapper link-area-box icon-hover-animation-none fusion-animated\" data-animationType=\"fadeIn\" data-animationDuration=\"0.25\" data-animationOffset=\"top-into-view\"><div class=\"heading heading-with-icon icon-left\"><div class=\"icon\" style=\"-webkit-animation-duration: 350ms;animation-duration: 350ms;\"><i style=\"border-color:var(--awb-color7);border-width:0px;background-color:var(--awb-color7);box-sizing:content-box;height:26px;width:26px;line-height:26px;border-radius:50%;font-size:13px;\" aria-hidden=\"true\" class=\"fontawesome-icon fa-bullseye fas circle-yes\"><\/i><\/div><h4 class=\"content-box-heading fusion-responsive-typography-calculated\" style=\"--h4_typography-font-size:30px;--fontSize:30;line-height:1.2;\">2014<\/h4><\/div><div class=\"fusion-clearfix\"><\/div><div class=\"content-container\">\n<p>D\u00e9marrage de la production<\/p>\n<\/div><div class=\"content-box-shortcode-timeline-vertical\" style=\"border-color:var(--awb-color7);left:28px;top:15px;-webkit-transition-duration: 350ms;animation-duration: 350ms;\"><\/div><\/div><\/div><div style=\"--awb-backgroundcolor:rgba(255,255,255,0);--awb-content-padding-left:46px;\" class=\"fusion-column content-box-column content-box-column content-box-column-4 col-lg-12 col-md-12 col-sm-12 fusion-content-box-hover content-box-column-last-in-row\"><div class=\"col content-box-wrapper content-wrapper link-area-box icon-hover-animation-none fusion-animated\" data-animationType=\"fadeIn\" data-animationDuration=\"0.25\" data-animationOffset=\"top-into-view\"><div class=\"heading heading-with-icon icon-left\"><div class=\"icon\" style=\"-webkit-animation-duration: 350ms;animation-duration: 350ms;\"><i style=\"border-color:var(--awb-color7);border-width:0px;background-color:var(--awb-color7);box-sizing:content-box;height:26px;width:26px;line-height:26px;border-radius:50%;font-size:13px;\" aria-hidden=\"true\" class=\"fontawesome-icon fa-bullseye fas circle-yes\"><\/i><\/div><h4 class=\"content-box-heading fusion-responsive-typography-calculated\" style=\"--h4_typography-font-size:30px;--fontSize:30;line-height:1.2;\">2012<\/h4><\/div><div class=\"fusion-clearfix\"><\/div><div class=\"content-container\">\n<p>Lancement de la construction des installations industrielles du projet<\/p>\n<\/div><div class=\"content-box-shortcode-timeline-vertical\" style=\"border-color:var(--awb-color7);left:28px;top:15px;-webkit-transition-duration: 350ms;animation-duration: 350ms;\"><\/div><\/div><\/div><div style=\"--awb-backgroundcolor:rgba(255,255,255,0);--awb-content-padding-left:46px;\" class=\"fusion-column content-box-column content-box-column content-box-column-5 col-lg-12 col-md-12 col-sm-12 fusion-content-box-hover content-box-column-last content-box-column-last-in-row\"><div class=\"col content-box-wrapper content-wrapper link-area-box icon-hover-animation-none fusion-animated\" data-animationType=\"fadeIn\" data-animationDuration=\"0.25\" data-animationOffset=\"top-into-view\"><div class=\"heading heading-with-icon icon-left\"><div class=\"icon\" style=\"-webkit-animation-duration: 350ms;animation-duration: 350ms;\"><i style=\"border-color:var(--awb-color7);border-width:0px;background-color:var(--awb-color7);box-sizing:content-box;height:26px;width:26px;line-height:26px;border-radius:50%;font-size:13px;\" aria-hidden=\"true\" class=\"fontawesome-icon fa-bullseye fas circle-yes\"><\/i><\/div><h4 class=\"content-box-heading fusion-responsive-typography-calculated\" style=\"--h4_typography-font-size:30px;--fontSize:30;line-height:1.2;\">2011<\/h4><\/div><div class=\"fusion-clearfix\"><\/div><div class=\"content-container\">\n<p>Cr\u00e9ation de TiZir, joint-venture entre Eramet et Mineral Deposits Ltd, dans le secteur des sables min\u00e9ralis\u00e9s<\/p>\n<\/div><div class=\"content-box-shortcode-timeline-vertical\" style=\"border-color:var(--awb-color7);left:28px;top:15px;-webkit-transition-duration: 350ms;animation-duration: 350ms;\"><\/div><\/div><\/div><div class=\"fusion-clearfix\"><\/div><\/div><\/div><\/div><\/div><\/div>\n","protected":false},"excerpt":{"rendered":"","protected":false},"author":4,"featured_media":0,"parent":50928,"menu_order":4,"comment_status":"closed","ping_status":"closed","template":"","meta":{"footnotes":""},"class_list":["post-50938","page","type-page","status-publish","hentry"],"yoast_head":"<!-- This site is optimized with the Yoast SEO plugin v26.8 - https:\/\/yoast.com\/product\/yoast-seo-wordpress\/ -->\n<title>Histoire - Eramet Grande C\u00f4te<\/title>\n<meta name=\"robots\" content=\"index, follow, max-snippet:-1, max-image-preview:large, max-video-preview:-1\" \/>\n<link rel=\"canonical\" href=\"https:\/\/grande-cote.eramet.com\/fr\/eramet-grande-cote\/histoire\/\" \/>\n<meta property=\"og:locale\" content=\"fr_FR\" \/>\n<meta property=\"og:type\" content=\"article\" \/>\n<meta property=\"og:title\" content=\"Histoire - Eramet Grande C\u00f4te\" \/>\n<meta property=\"og:url\" content=\"https:\/\/grande-cote.eramet.com\/fr\/eramet-grande-cote\/histoire\/\" \/>\n<meta property=\"og:site_name\" content=\"Eramet Grande C\u00f4te\" \/>\n<meta property=\"article:modified_time\" content=\"2025-11-25T16:10:18+00:00\" \/>\n<meta name=\"twitter:card\" content=\"summary_large_image\" \/>\n<script type=\"application\/ld+json\" class=\"yoast-schema-graph\">{\"@context\":\"https:\/\/schema.org\",\"@graph\":[{\"@type\":\"WebPage\",\"@id\":\"https:\/\/grande-cote.eramet.com\/fr\/eramet-grande-cote\/histoire\/\",\"url\":\"https:\/\/grande-cote.eramet.com\/fr\/eramet-grande-cote\/histoire\/\",\"name\":\"Histoire - Eramet Grande C\u00f4te\",\"isPartOf\":{\"@id\":\"https:\/\/grande-cote.eramet.com\/fr\/#website\"},\"datePublished\":\"2024-11-15T10:23:21+00:00\",\"dateModified\":\"2025-11-25T16:10:18+00:00\",\"breadcrumb\":{\"@id\":\"https:\/\/grande-cote.eramet.com\/fr\/eramet-grande-cote\/histoire\/#breadcrumb\"},\"inLanguage\":\"fr-FR\",\"potentialAction\":[{\"@type\":\"ReadAction\",\"target\":[\"https:\/\/grande-cote.eramet.com\/fr\/eramet-grande-cote\/histoire\/\"]}]},{\"@type\":\"BreadcrumbList\",\"@id\":\"https:\/\/grande-cote.eramet.com\/fr\/eramet-grande-cote\/histoire\/#breadcrumb\",\"itemListElement\":[{\"@type\":\"ListItem\",\"position\":1,\"name\":\"Home\",\"item\":\"https:\/\/grande-cote.eramet.com\/fr\/\"},{\"@type\":\"ListItem\",\"position\":2,\"name\":\"Eramet Grande C\u00f4te\",\"item\":\"https:\/\/grande-cote.eramet.com\/fr\/eramet-grande-cote\/\"},{\"@type\":\"ListItem\",\"position\":3,\"name\":\"Histoire\"}]},{\"@type\":\"WebSite\",\"@id\":\"https:\/\/grande-cote.eramet.com\/fr\/#website\",\"url\":\"https:\/\/grande-cote.eramet.com\/fr\/\",\"name\":\"Eramet Grande C\u00f4te\",\"description\":\"\",\"potentialAction\":[{\"@type\":\"SearchAction\",\"target\":{\"@type\":\"EntryPoint\",\"urlTemplate\":\"https:\/\/grande-cote.eramet.com\/fr\/?s={search_term_string}\"},\"query-input\":{\"@type\":\"PropertyValueSpecification\",\"valueRequired\":true,\"valueName\":\"search_term_string\"}}],\"inLanguage\":\"fr-FR\"}]}<\/script>\n<!-- \/ Yoast SEO plugin. -->","yoast_head_json":{"title":"Histoire - Eramet Grande C\u00f4te","robots":{"index":"index","follow":"follow","max-snippet":"max-snippet:-1","max-image-preview":"max-image-preview:large","max-video-preview":"max-video-preview:-1"},"canonical":"https:\/\/grande-cote.eramet.com\/fr\/eramet-grande-cote\/histoire\/","og_locale":"fr_FR","og_type":"article","og_title":"Histoire - Eramet Grande C\u00f4te","og_url":"https:\/\/grande-cote.eramet.com\/fr\/eramet-grande-cote\/histoire\/","og_site_name":"Eramet Grande C\u00f4te","article_modified_time":"2025-11-25T16:10:18+00:00","twitter_card":"summary_large_image","schema":{"@context":"https:\/\/schema.org","@graph":[{"@type":"WebPage","@id":"https:\/\/grande-cote.eramet.com\/fr\/eramet-grande-cote\/histoire\/","url":"https:\/\/grande-cote.eramet.com\/fr\/eramet-grande-cote\/histoire\/","name":"Histoire - Eramet Grande C\u00f4te","isPartOf":{"@id":"https:\/\/grande-cote.eramet.com\/fr\/#website"},"datePublished":"2024-11-15T10:23:21+00:00","dateModified":"2025-11-25T16:10:18+00:00","breadcrumb":{"@id":"https:\/\/grande-cote.eramet.com\/fr\/eramet-grande-cote\/histoire\/#breadcrumb"},"inLanguage":"fr-FR","potentialAction":[{"@type":"ReadAction","target":["https:\/\/grande-cote.eramet.com\/fr\/eramet-grande-cote\/histoire\/"]}]},{"@type":"BreadcrumbList","@id":"https:\/\/grande-cote.eramet.com\/fr\/eramet-grande-cote\/histoire\/#breadcrumb","itemListElement":[{"@type":"ListItem","position":1,"name":"Home","item":"https:\/\/grande-cote.eramet.com\/fr\/"},{"@type":"ListItem","position":2,"name":"Eramet Grande C\u00f4te","item":"https:\/\/grande-cote.eramet.com\/fr\/eramet-grande-cote\/"},{"@type":"ListItem","position":3,"name":"Histoire"}]},{"@type":"WebSite","@id":"https:\/\/grande-cote.eramet.com\/fr\/#website","url":"https:\/\/grande-cote.eramet.com\/fr\/","name":"Eramet Grande C\u00f4te","description":"","potentialAction":[{"@type":"SearchAction","target":{"@type":"EntryPoint","urlTemplate":"https:\/\/grande-cote.eramet.com\/fr\/?s={search_term_string}"},"query-input":{"@type":"PropertyValueSpecification","valueRequired":true,"valueName":"search_term_string"}}],"inLanguage":"fr-FR"}]}},"acf":[],"_links":{"self":[{"href":"https:\/\/grande-cote.eramet.com\/fr\/wp-json\/wp\/v2\/pages\/50938","targetHints":{"allow":["GET"]}}],"collection":[{"href":"https:\/\/grande-cote.eramet.com\/fr\/wp-json\/wp\/v2\/pages"}],"about":[{"href":"https:\/\/grande-cote.eramet.com\/fr\/wp-json\/wp\/v2\/types\/page"}],"author":[{"embeddable":true,"href":"https:\/\/grande-cote.eramet.com\/fr\/wp-json\/wp\/v2\/users\/4"}],"replies":[{"embeddable":true,"href":"https:\/\/grande-cote.eramet.com\/fr\/wp-json\/wp\/v2\/comments?post=50938"}],"version-history":[{"count":8,"href":"https:\/\/grande-cote.eramet.com\/fr\/wp-json\/wp\/v2\/pages\/50938\/revisions"}],"predecessor-version":[{"id":51936,"href":"https:\/\/grande-cote.eramet.com\/fr\/wp-json\/wp\/v2\/pages\/50938\/revisions\/51936"}],"up":[{"embeddable":true,"href":"https:\/\/grande-cote.eramet.com\/fr\/wp-json\/wp\/v2\/pages\/50928"}],"wp:attachment":[{"href":"https:\/\/grande-cote.eramet.com\/fr\/wp-json\/wp\/v2\/media?parent=50938"}],"curies":[{"name":"wp","href":"https:\/\/api.w.org\/{rel}","templated":true}]}}