{"id":50935,"date":"2024-11-15T11:21:31","date_gmt":"2024-11-15T10:21:31","guid":{"rendered":"https:\/\/new.eramet.ovh\/?page_id=50745"},"modified":"2025-11-25T15:57:55","modified_gmt":"2025-11-25T15:57:55","slug":"missions","status":"publish","type":"page","link":"https:\/\/grande-cote.eramet.com\/fr\/eramet-grande-cote\/missions\/","title":{"rendered":"Missions"},"content":{"rendered":"<div class=\"fusion-fullwidth fullwidth-box fusion-builder-row-1 fusion-flex-container has-pattern-background has-mask-background nonhundred-percent-fullwidth non-hundred-percent-height-scrolling\" style=\"--awb-border-radius-top-left:0px;--awb-border-radius-top-right:0px;--awb-border-radius-bottom-right:0px;--awb-border-radius-bottom-left:0px;--awb-flex-wrap:wrap;\" ><div class=\"fusion-builder-row fusion-row fusion-flex-align-items-stretch fusion-flex-justify-content-center fusion-flex-content-wrap\" style=\"max-width:1468.8px;margin-left: calc(-2% \/ 2 );margin-right: calc(-2% \/ 2 );\"><div class=\"fusion-layout-column fusion_builder_column fusion-builder-column-0 fusion_builder_column_1_1 1_1 fusion-flex-column\" style=\"--awb-padding-right:20%;--awb-bg-size:cover;--awb-width-large:100%;--awb-margin-top-large:0px;--awb-spacing-right-large:0.98%;--awb-margin-bottom-large:30px;--awb-spacing-left-large:0.98%;--awb-width-medium:100%;--awb-order-medium:0;--awb-spacing-right-medium:0.98%;--awb-spacing-left-medium:0.98%;--awb-width-small:100%;--awb-order-small:0;--awb-spacing-right-small:0.98%;--awb-spacing-left-small:0.98%;\"><div class=\"fusion-column-wrapper fusion-column-has-shadow fusion-flex-justify-content-flex-start fusion-content-layout-column\"><div class=\"fusion-text fusion-text-1\"><p>Depuis sa cr\u00e9ation, Eramet Grande C\u00f4te s\u2019est fix\u00e9 une ambition : <a href=\"https:\/\/grande-cote.eramet.com\/fr\/engagements\/\">\u00eatre un acteur exemplaire et responsable<\/a> dans la valorisation des sables min\u00e9ralis\u00e9s au S\u00e9n\u00e9gal. L\u2019entreprise s\u2019engage \u00e0 :<\/p>\n<ul>\n<li><strong>Garantir<\/strong> un strict respect des conditions de sant\u00e9 et de s\u00e9curit\u00e9<\/li>\n<li><strong>Respecter<\/strong> scrupuleusement les <a href=\"https:\/\/grande-cote.eramet.com\/fr\/engagements\/environnement\/\">normes environnementales<\/a> les plus \u00e9lev\u00e9es, dans le cadre de sa <a href=\"https:\/\/grande-cote.eramet.com\/fr\/engagements\/politiques-chartes\/\">politique de d\u00e9veloppement durable<\/a><\/li>\n<li><strong>Innover<\/strong> et <strong>s\u2019adapter<\/strong> pour atteindre les objectifs de production et s\u2019assurer de la <a href=\"https:\/\/grande-cote.eramet.com\/fr\/activites\/qualite-normes\/\">qualit\u00e9 des produits<\/a>&nbsp;commercialis\u00e9s<\/li>\n<li>\u00catre une entreprise <strong>responsable, engag\u00e9e et <\/strong><strong><a href=\"https:\/\/grande-cote.eramet.com\/fr\/engagements\/nos-contributions-rse\/\">contributive<\/a><\/strong>&nbsp;travaillant dans un cadre <a href=\"https:\/\/grande-cote.eramet.com\/fr\/engagements\/ethique-deontologie\/\">\u00e9thique<\/a> concert\u00e9.<\/li>\n<\/ul>\n<\/div><\/div><\/div><\/div><\/div>\n","protected":false},"excerpt":{"rendered":"","protected":false},"author":4,"featured_media":0,"parent":50928,"menu_order":1,"comment_status":"closed","ping_status":"closed","template":"","meta":{"footnotes":""},"class_list":["post-50935","page","type-page","status-publish","hentry"],"yoast_head":"<!-- This site is optimized with the Yoast SEO plugin v26.8 - https:\/\/yoast.com\/product\/yoast-seo-wordpress\/ -->\n<title>Missions - Eramet Grande C\u00f4te<\/title>\n<meta name=\"robots\" content=\"index, follow, max-snippet:-1, max-image-preview:large, max-video-preview:-1\" \/>\n<link rel=\"canonical\" href=\"https:\/\/grande-cote.eramet.com\/fr\/eramet-grande-cote\/missions\/\" \/>\n<meta property=\"og:locale\" content=\"fr_FR\" \/>\n<meta property=\"og:type\" content=\"article\" \/>\n<meta property=\"og:title\" content=\"Missions - Eramet Grande C\u00f4te\" \/>\n<meta property=\"og:url\" content=\"https:\/\/grande-cote.eramet.com\/fr\/eramet-grande-cote\/missions\/\" \/>\n<meta property=\"og:site_name\" content=\"Eramet Grande C\u00f4te\" \/>\n<meta property=\"article:modified_time\" content=\"2025-11-25T15:57:55+00:00\" \/>\n<meta name=\"twitter:card\" content=\"summary_large_image\" \/>\n<meta name=\"twitter:label1\" content=\"Dur\u00e9e de lecture estim\u00e9e\" \/>\n\t<meta name=\"twitter:data1\" content=\"1 minute\" \/>\n<script type=\"application\/ld+json\" class=\"yoast-schema-graph\">{\"@context\":\"https:\/\/schema.org\",\"@graph\":[{\"@type\":\"WebPage\",\"@id\":\"https:\/\/grande-cote.eramet.com\/fr\/eramet-grande-cote\/missions\/\",\"url\":\"https:\/\/grande-cote.eramet.com\/fr\/eramet-grande-cote\/missions\/\",\"name\":\"Missions - Eramet Grande C\u00f4te\",\"isPartOf\":{\"@id\":\"https:\/\/grande-cote.eramet.com\/fr\/#website\"},\"datePublished\":\"2024-11-15T10:21:31+00:00\",\"dateModified\":\"2025-11-25T15:57:55+00:00\",\"breadcrumb\":{\"@id\":\"https:\/\/grande-cote.eramet.com\/fr\/eramet-grande-cote\/missions\/#breadcrumb\"},\"inLanguage\":\"fr-FR\",\"potentialAction\":[{\"@type\":\"ReadAction\",\"target\":[\"https:\/\/grande-cote.eramet.com\/fr\/eramet-grande-cote\/missions\/\"]}]},{\"@type\":\"BreadcrumbList\",\"@id\":\"https:\/\/grande-cote.eramet.com\/fr\/eramet-grande-cote\/missions\/#breadcrumb\",\"itemListElement\":[{\"@type\":\"ListItem\",\"position\":1,\"name\":\"Home\",\"item\":\"https:\/\/grande-cote.eramet.com\/fr\/\"},{\"@type\":\"ListItem\",\"position\":2,\"name\":\"Eramet Grande C\u00f4te\",\"item\":\"https:\/\/grande-cote.eramet.com\/fr\/eramet-grande-cote\/\"},{\"@type\":\"ListItem\",\"position\":3,\"name\":\"Missions\"}]},{\"@type\":\"WebSite\",\"@id\":\"https:\/\/grande-cote.eramet.com\/fr\/#website\",\"url\":\"https:\/\/grande-cote.eramet.com\/fr\/\",\"name\":\"Eramet Grande C\u00f4te\",\"description\":\"\",\"potentialAction\":[{\"@type\":\"SearchAction\",\"target\":{\"@type\":\"EntryPoint\",\"urlTemplate\":\"https:\/\/grande-cote.eramet.com\/fr\/?s={search_term_string}\"},\"query-input\":{\"@type\":\"PropertyValueSpecification\",\"valueRequired\":true,\"valueName\":\"search_term_string\"}}],\"inLanguage\":\"fr-FR\"}]}<\/script>\n<!-- \/ Yoast SEO plugin. -->","yoast_head_json":{"title":"Missions - Eramet Grande C\u00f4te","robots":{"index":"index","follow":"follow","max-snippet":"max-snippet:-1","max-image-preview":"max-image-preview:large","max-video-preview":"max-video-preview:-1"},"canonical":"https:\/\/grande-cote.eramet.com\/fr\/eramet-grande-cote\/missions\/","og_locale":"fr_FR","og_type":"article","og_title":"Missions - Eramet Grande C\u00f4te","og_url":"https:\/\/grande-cote.eramet.com\/fr\/eramet-grande-cote\/missions\/","og_site_name":"Eramet Grande C\u00f4te","article_modified_time":"2025-11-25T15:57:55+00:00","twitter_card":"summary_large_image","twitter_misc":{"Dur\u00e9e de lecture estim\u00e9e":"1 minute"},"schema":{"@context":"https:\/\/schema.org","@graph":[{"@type":"WebPage","@id":"https:\/\/grande-cote.eramet.com\/fr\/eramet-grande-cote\/missions\/","url":"https:\/\/grande-cote.eramet.com\/fr\/eramet-grande-cote\/missions\/","name":"Missions - Eramet Grande C\u00f4te","isPartOf":{"@id":"https:\/\/grande-cote.eramet.com\/fr\/#website"},"datePublished":"2024-11-15T10:21:31+00:00","dateModified":"2025-11-25T15:57:55+00:00","breadcrumb":{"@id":"https:\/\/grande-cote.eramet.com\/fr\/eramet-grande-cote\/missions\/#breadcrumb"},"inLanguage":"fr-FR","potentialAction":[{"@type":"ReadAction","target":["https:\/\/grande-cote.eramet.com\/fr\/eramet-grande-cote\/missions\/"]}]},{"@type":"BreadcrumbList","@id":"https:\/\/grande-cote.eramet.com\/fr\/eramet-grande-cote\/missions\/#breadcrumb","itemListElement":[{"@type":"ListItem","position":1,"name":"Home","item":"https:\/\/grande-cote.eramet.com\/fr\/"},{"@type":"ListItem","position":2,"name":"Eramet Grande C\u00f4te","item":"https:\/\/grande-cote.eramet.com\/fr\/eramet-grande-cote\/"},{"@type":"ListItem","position":3,"name":"Missions"}]},{"@type":"WebSite","@id":"https:\/\/grande-cote.eramet.com\/fr\/#website","url":"https:\/\/grande-cote.eramet.com\/fr\/","name":"Eramet Grande C\u00f4te","description":"","potentialAction":[{"@type":"SearchAction","target":{"@type":"EntryPoint","urlTemplate":"https:\/\/grande-cote.eramet.com\/fr\/?s={search_term_string}"},"query-input":{"@type":"PropertyValueSpecification","valueRequired":true,"valueName":"search_term_string"}}],"inLanguage":"fr-FR"}]}},"acf":[],"_links":{"self":[{"href":"https:\/\/grande-cote.eramet.com\/fr\/wp-json\/wp\/v2\/pages\/50935","targetHints":{"allow":["GET"]}}],"collection":[{"href":"https:\/\/grande-cote.eramet.com\/fr\/wp-json\/wp\/v2\/pages"}],"about":[{"href":"https:\/\/grande-cote.eramet.com\/fr\/wp-json\/wp\/v2\/types\/page"}],"author":[{"embeddable":true,"href":"https:\/\/grande-cote.eramet.com\/fr\/wp-json\/wp\/v2\/users\/4"}],"replies":[{"embeddable":true,"href":"https:\/\/grande-cote.eramet.com\/fr\/wp-json\/wp\/v2\/comments?post=50935"}],"version-history":[{"count":9,"href":"https:\/\/grande-cote.eramet.com\/fr\/wp-json\/wp\/v2\/pages\/50935\/revisions"}],"predecessor-version":[{"id":51935,"href":"https:\/\/grande-cote.eramet.com\/fr\/wp-json\/wp\/v2\/pages\/50935\/revisions\/51935"}],"up":[{"embeddable":true,"href":"https:\/\/grande-cote.eramet.com\/fr\/wp-json\/wp\/v2\/pages\/50928"}],"wp:attachment":[{"href":"https:\/\/grande-cote.eramet.com\/fr\/wp-json\/wp\/v2\/media?parent=50935"}],"curies":[{"name":"wp","href":"https:\/\/api.w.org\/{rel}","templated":true}]}}