{"id":50932,"date":"2024-11-15T11:05:11","date_gmt":"2024-11-15T10:05:11","guid":{"rendered":"https:\/\/new.eramet.ovh\/?page_id=50735"},"modified":"2025-11-25T16:31:41","modified_gmt":"2025-11-25T16:31:41","slug":"nous-rejoindre","status":"publish","type":"page","link":"https:\/\/grande-cote.eramet.com\/fr\/nous-rejoindre\/","title":{"rendered":"Nous rejoindre"},"content":{"rendered":"<p><div class=\"fusion-fullwidth fullwidth-box fusion-builder-row-1 fusion-flex-container has-pattern-background has-mask-background nonhundred-percent-fullwidth non-hundred-percent-height-scrolling\" style=\"--awb-border-radius-top-left:0px;--awb-border-radius-top-right:0px;--awb-border-radius-bottom-right:0px;--awb-border-radius-bottom-left:0px;--awb-flex-wrap:wrap;\" ><div class=\"fusion-builder-row fusion-row fusion-flex-align-items-stretch fusion-flex-justify-content-center fusion-flex-content-wrap\" style=\"max-width:1468.8px;margin-left: calc(-2% \/ 2 );margin-right: calc(-2% \/ 2 );\"><div class=\"fusion-layout-column fusion_builder_column fusion-builder-column-0 fusion_builder_column_1_1 1_1 fusion-flex-column\" style=\"--awb-padding-right:20%;--awb-bg-size:cover;--awb-width-large:100%;--awb-margin-top-large:0px;--awb-spacing-right-large:0.98%;--awb-margin-bottom-large:30px;--awb-spacing-left-large:0.98%;--awb-width-medium:100%;--awb-order-medium:0;--awb-spacing-right-medium:0.98%;--awb-spacing-left-medium:0.98%;--awb-width-small:100%;--awb-order-small:0;--awb-spacing-right-small:0.98%;--awb-spacing-left-small:0.98%;\"><div class=\"fusion-column-wrapper fusion-column-has-shadow fusion-flex-justify-content-flex-start fusion-content-layout-column\"><div class=\"fusion-text fusion-text-1\"><h2>Voulez-vous \u00eatre \u00ab&nbsp;Le nouveau visage de la mine&nbsp;\u00bb&nbsp;?<\/h2>\n<p>Chez Eramet Grande C\u00f4te, filiale d\u2019un groupe international multiculturel, nous accueillons les meilleurs talents.<\/p>\n<p>Nos trois ambitions fondamentales issues de la feuille de route <a href=\"https:\/\/www.eramet.com\/fr\/engagements\/feuille-de-route-rse\/\" target=\"_blank\" rel=\"noopener\">Act for Positive Mining<\/a> du Groupe, sont&nbsp;:<\/p>\n<ol>\n<li><strong>Prendre soin des personnes<br \/>\n<\/strong><a href=\"https:\/\/www.eramet.com\/fr\/groupe-eramet\/gouvernance\/droits-humains\/\" target=\"_blank\" rel=\"noopener\">Cliquez ici pour v\u00e9rifier notre engagement<\/a><\/li>\n<li><strong>\u00catre un partenaire de confiance pour la nature<\/strong><br \/>\n<a href=\"https:\/\/www.youtube.com\/watch?v=Xg6g7w3moa4\" target=\"_blank\" rel=\"noopener\">Cliquez ici pour voir comment nous restituons les sites exploit\u00e9s<\/a><\/li>\n<li><strong>Transformer notre cha\u00eene de valeur<\/strong><\/li>\n<\/ol>\n<p>Vous pouvez rejoindre notre galerie de portraits d\u2019employ\u00e9s fiers de porter les couleurs de l\u2019entreprise \u00e0 travers \u00ab&nbsp;Le nouveau visage de la mine&nbsp;\u00bb. Cette campagne r\u00e9v\u00e8le la fiert\u00e9 de notre ancrage industriel et notre engagement en faveur d&rsquo;une exploitation mini\u00e8re responsable tout en soulignant l&rsquo;importance des mines et m\u00e9taux pour la r\u00e9ussite de la transition \u00e9nerg\u00e9tique.<\/p>\n<\/div><\/div><\/div><div class=\"fusion-layout-column fusion_builder_column fusion-builder-column-1 fusion_builder_column_1_2 1_2 fusion-flex-column block-16-9\" style=\"--awb-bg-size:cover;--awb-width-large:50%;--awb-margin-top-large:0px;--awb-spacing-right-large:1.96%;--awb-margin-bottom-large:50px;--awb-spacing-left-large:1.96%;--awb-width-medium:50%;--awb-order-medium:0;--awb-spacing-right-medium:1.96%;--awb-spacing-left-medium:1.96%;--awb-width-small:100%;--awb-order-small:0;--awb-spacing-right-small:0.98%;--awb-spacing-left-small:0.98%;\"><div class=\"fusion-column-wrapper fusion-column-has-shadow fusion-flex-justify-content-flex-start fusion-content-layout-column\"><div class=\"fusion-image-element \" style=\"--awb-caption-title-font-family:var(--h2_typography-font-family);--awb-caption-title-font-weight:var(--h2_typography-font-weight);--awb-caption-title-font-style:var(--h2_typography-font-style);--awb-caption-title-size:var(--h2_typography-font-size);--awb-caption-title-transform:var(--h2_typography-text-transform);--awb-caption-title-line-height:var(--h2_typography-line-height);--awb-caption-title-letter-spacing:var(--h2_typography-letter-spacing);\"><span class=\" fusion-imageframe imageframe-none imageframe-1 hover-type-none\"><img decoding=\"async\" width=\"800\" height=\"450\" title=\"Eramet-Grande-C\u00f4te-Act-for-Positive-Mining\" src=\"https:\/\/grande-cote.eramet.com\/wp-content\/uploads\/sites\/26\/2025\/08\/Eramet-Grande-Cote-Act-for-Positive-Mining.jpg\" data-orig-src=\"https:\/\/grande-cote.eramet.com\/wp-content\/uploads\/sites\/26\/2025\/08\/Eramet-Grande-Cote-Act-for-Positive-Mining-800x450.jpg\" alt class=\"lazyload img-responsive wp-image-51514\" srcset=\"data:image\/svg+xml,%3Csvg%20xmlns%3D%27http%3A%2F%2Fwww.w3.org%2F2000%2Fsvg%27%20width%3D%271920%27%20height%3D%271080%27%20viewBox%3D%270%200%201920%201080%27%3E%3Crect%20width%3D%271920%27%20height%3D%271080%27%20fill-opacity%3D%220%22%2F%3E%3C%2Fsvg%3E\" data-srcset=\"https:\/\/grande-cote.eramet.com\/wp-content\/uploads\/sites\/26\/2025\/08\/Eramet-Grande-Cote-Act-for-Positive-Mining-200x113.jpg 200w, https:\/\/grande-cote.eramet.com\/wp-content\/uploads\/sites\/26\/2025\/08\/Eramet-Grande-Cote-Act-for-Positive-Mining-400x225.jpg 400w, https:\/\/grande-cote.eramet.com\/wp-content\/uploads\/sites\/26\/2025\/08\/Eramet-Grande-Cote-Act-for-Positive-Mining-600x338.jpg 600w, https:\/\/grande-cote.eramet.com\/wp-content\/uploads\/sites\/26\/2025\/08\/Eramet-Grande-Cote-Act-for-Positive-Mining-800x450.jpg 800w, https:\/\/grande-cote.eramet.com\/wp-content\/uploads\/sites\/26\/2025\/08\/Eramet-Grande-Cote-Act-for-Positive-Mining-1200x675.jpg 1200w, https:\/\/grande-cote.eramet.com\/wp-content\/uploads\/sites\/26\/2025\/08\/Eramet-Grande-Cote-Act-for-Positive-Mining.jpg 1920w\" data-sizes=\"auto\" data-orig-sizes=\"(max-width: 640px) 100vw, 800px\" \/><\/span><\/div><\/div><\/div><div class=\"fusion-layout-column fusion_builder_column fusion-builder-column-2 fusion_builder_column_1_2 1_2 fusion-flex-column\" style=\"--awb-bg-size:cover;--awb-width-large:50%;--awb-margin-top-large:0px;--awb-spacing-right-large:1.96%;--awb-margin-bottom-large:50px;--awb-spacing-left-large:1.96%;--awb-width-medium:50%;--awb-order-medium:0;--awb-spacing-right-medium:1.96%;--awb-spacing-left-medium:1.96%;--awb-width-small:100%;--awb-order-small:0;--awb-spacing-right-small:0.98%;--awb-spacing-left-small:0.98%;\"><div class=\"fusion-column-wrapper fusion-column-has-shadow fusion-flex-justify-content-flex-start fusion-content-layout-column\"><div class=\"fusion-text fusion-text-2\"><h2>Une protection sociale pour l&rsquo;ensemble des collaborateurs d&rsquo;Eramet<\/h2>\n<p>Lorsque vous rejoignez Eramet Grande C\u00f4te, vous faites partie d&rsquo;un groupe mondial ! La signature de l&rsquo;accord Eramet Global Care entre les repr\u00e9sentants du personnel dans les principaux pays o\u00f9 le Groupe est implant\u00e9 et la Direction d&rsquo;Eramet est une preuve de la qualit\u00e9 et de la dynamique du dialogue social dans l&rsquo;entreprise. Cet accord mondial porte sur un socle commun de protection sociale. Elle offre \u00e0 tous les salari\u00e9s des garanties essentielles en mati\u00e8re de Couverture Sant\u00e9, et d&rsquo;Acc\u00e8s aux soins, au cong\u00e9 maternit\u00e9 et aux conditions de travail des femmes et de la Couverture D\u00e9c\u00e8s.<\/p>\n<p>Eramet est le premier groupe minier \u00e0 avoir n\u00e9goci\u00e9 ce type d&rsquo;accord qui concr\u00e9tise un engagement dans la feuille de route \u00ab&nbsp;<a href=\"https:\/\/www.eramet.com\/fr\/engagements\/feuille-de-route-rse\/\" target=\"_blank\" rel=\"noopener\">Act for Positive Mining<\/a>&nbsp;\u00bb.<\/p>\n<\/div><\/div><\/div><\/div><\/div><div class=\"fusion-fullwidth fullwidth-box fusion-builder-row-2 fusion-flex-container has-pattern-background has-mask-background sticky-button nonhundred-percent-fullwidth non-hundred-percent-height-scrolling\" style=\"--awb-border-radius-top-left:0px;--awb-border-radius-top-right:0px;--awb-border-radius-bottom-right:0px;--awb-border-radius-bottom-left:0px;--awb-padding-top:30px;--awb-padding-right:30px;--awb-padding-bottom:30px;--awb-padding-left:30px;--awb-flex-wrap:wrap;\" ><div class=\"fusion-builder-row fusion-row fusion-flex-align-items-flex-start fusion-flex-justify-content-center fusion-flex-content-wrap\" style=\"max-width:1468.8px;margin-left: calc(-2% \/ 2 );margin-right: calc(-2% \/ 2 );\"><div class=\"fusion-layout-column fusion_builder_column fusion-builder-column-3 fusion_builder_column_1_3 1_3 fusion-flex-column fusion-column-inner-bg-wrapper\" style=\"--awb-padding-top:20px;--awb-padding-right:20px;--awb-padding-bottom:20px;--awb-padding-left:20px;--awb-overflow:hidden;--awb-inner-bg-color:var(--awb-color7);--awb-inner-bg-color-hover:var(--awb-color7);--awb-inner-bg-size:cover;--awb-box-shadow:-10px 10px 20px 0px rgba(200,64,24,0.48);;--awb-border-radius:10px 10px 10px 10px;--awb-inner-bg-border-radius:10px 10px 10px 10px;--awb-inner-bg-overflow:hidden;--awb-width-large:33.333333333333%;--awb-margin-top-large:0px;--awb-spacing-right-large:0px;--awb-margin-bottom-large:0px;--awb-spacing-left-large:0px;--awb-width-medium:33.333333333333%;--awb-order-medium:0;--awb-spacing-right-medium:0px;--awb-spacing-left-medium:0px;--awb-width-small:100%;--awb-order-small:0;--awb-spacing-right-small:0.98%;--awb-spacing-left-small:0.98%;\"><span class=\"fusion-column-inner-bg hover-type-none\"><a class=\"fusion-column-anchor\" href=\"https:\/\/jobs.eramet.com\/search\/?q=gco\" rel=\"noopener noreferrer\" target=\"_blank\"><span class=\"fusion-column-inner-bg-image\"><\/span><\/a><\/span><div class=\"fusion-column-wrapper fusion-column-has-shadow fusion-flex-justify-content-flex-start fusion-content-layout-column\"><div style=\"text-align:center;\"><a class=\"fusion-button button-flat fusion-button-default-size button-custom fusion-button-default button-1 fusion-button-default-span fusion-button-default-type CTA-arrow-white fusion-has-button-gradient\" style=\"--button_accent_color:var(--awb-custom_color_3);--button_accent_hover_color:var(--awb-color3);--button_border_hover_color:var(--awb-color7);--button_border_width-top:0;--button_border_width-right:0;--button_border_width-bottom:0;--button_border_width-left:0;--button-border-radius-top-left:0;--button-border-radius-top-right:0;--button-border-radius-bottom-right:0;--button-border-radius-bottom-left:0;--button_gradient_angle:180deg;--button_gradient_top_color:var(--awb-custom_color_7);--button_gradient_bottom_color:var(--awb-custom_color_7);--button_gradient_top_color_hover:rgba(226,226,226,0);--button_gradient_bottom_color_hover:var(--awb-custom_color_3);--button_font_size:16px;--button_padding-right:70px;--button_padding-left:0px;\" target=\"_self\" tabindex=\"-1\"><span class=\"fusion-button-text\">D\u00e9couvrir nos offres<\/span><\/a><\/div><\/div><\/div><\/div><\/div><\/p>\n","protected":false},"excerpt":{"rendered":"","protected":false},"author":4,"featured_media":0,"parent":0,"menu_order":51,"comment_status":"closed","ping_status":"closed","template":"","meta":{"footnotes":""},"class_list":["post-50932","page","type-page","status-publish","hentry"],"yoast_head":"<!-- This site is optimized with the Yoast SEO plugin v26.8 - https:\/\/yoast.com\/product\/yoast-seo-wordpress\/ -->\n<title>Nous rejoindre - Eramet Grande C\u00f4te<\/title>\n<meta name=\"robots\" content=\"index, follow, max-snippet:-1, max-image-preview:large, max-video-preview:-1\" \/>\n<link rel=\"canonical\" href=\"https:\/\/grande-cote.eramet.com\/fr\/nous-rejoindre\/\" \/>\n<meta property=\"og:locale\" content=\"fr_FR\" \/>\n<meta property=\"og:type\" content=\"article\" \/>\n<meta property=\"og:title\" content=\"Nous rejoindre - Eramet Grande C\u00f4te\" \/>\n<meta property=\"og:url\" content=\"https:\/\/grande-cote.eramet.com\/fr\/nous-rejoindre\/\" \/>\n<meta property=\"og:site_name\" content=\"Eramet Grande C\u00f4te\" \/>\n<meta property=\"article:modified_time\" content=\"2025-11-25T16:31:41+00:00\" \/>\n<meta name=\"twitter:card\" content=\"summary_large_image\" \/>\n<meta name=\"twitter:label1\" content=\"Dur\u00e9e de lecture estim\u00e9e\" \/>\n\t<meta name=\"twitter:data1\" content=\"2 minutes\" \/>\n<script type=\"application\/ld+json\" class=\"yoast-schema-graph\">{\"@context\":\"https:\/\/schema.org\",\"@graph\":[{\"@type\":\"WebPage\",\"@id\":\"https:\/\/grande-cote.eramet.com\/fr\/nous-rejoindre\/\",\"url\":\"https:\/\/grande-cote.eramet.com\/fr\/nous-rejoindre\/\",\"name\":\"Nous rejoindre - Eramet Grande C\u00f4te\",\"isPartOf\":{\"@id\":\"https:\/\/grande-cote.eramet.com\/fr\/#website\"},\"datePublished\":\"2024-11-15T10:05:11+00:00\",\"dateModified\":\"2025-11-25T16:31:41+00:00\",\"breadcrumb\":{\"@id\":\"https:\/\/grande-cote.eramet.com\/fr\/nous-rejoindre\/#breadcrumb\"},\"inLanguage\":\"fr-FR\",\"potentialAction\":[{\"@type\":\"ReadAction\",\"target\":[\"https:\/\/grande-cote.eramet.com\/fr\/nous-rejoindre\/\"]}]},{\"@type\":\"BreadcrumbList\",\"@id\":\"https:\/\/grande-cote.eramet.com\/fr\/nous-rejoindre\/#breadcrumb\",\"itemListElement\":[{\"@type\":\"ListItem\",\"position\":1,\"name\":\"Home\",\"item\":\"https:\/\/grande-cote.eramet.com\/fr\/\"},{\"@type\":\"ListItem\",\"position\":2,\"name\":\"Nous rejoindre\"}]},{\"@type\":\"WebSite\",\"@id\":\"https:\/\/grande-cote.eramet.com\/fr\/#website\",\"url\":\"https:\/\/grande-cote.eramet.com\/fr\/\",\"name\":\"Eramet Grande C\u00f4te\",\"description\":\"\",\"potentialAction\":[{\"@type\":\"SearchAction\",\"target\":{\"@type\":\"EntryPoint\",\"urlTemplate\":\"https:\/\/grande-cote.eramet.com\/fr\/?s={search_term_string}\"},\"query-input\":{\"@type\":\"PropertyValueSpecification\",\"valueRequired\":true,\"valueName\":\"search_term_string\"}}],\"inLanguage\":\"fr-FR\"}]}<\/script>\n<!-- \/ Yoast SEO plugin. -->","yoast_head_json":{"title":"Nous rejoindre - Eramet Grande C\u00f4te","robots":{"index":"index","follow":"follow","max-snippet":"max-snippet:-1","max-image-preview":"max-image-preview:large","max-video-preview":"max-video-preview:-1"},"canonical":"https:\/\/grande-cote.eramet.com\/fr\/nous-rejoindre\/","og_locale":"fr_FR","og_type":"article","og_title":"Nous rejoindre - Eramet Grande C\u00f4te","og_url":"https:\/\/grande-cote.eramet.com\/fr\/nous-rejoindre\/","og_site_name":"Eramet Grande C\u00f4te","article_modified_time":"2025-11-25T16:31:41+00:00","twitter_card":"summary_large_image","twitter_misc":{"Dur\u00e9e de lecture estim\u00e9e":"2 minutes"},"schema":{"@context":"https:\/\/schema.org","@graph":[{"@type":"WebPage","@id":"https:\/\/grande-cote.eramet.com\/fr\/nous-rejoindre\/","url":"https:\/\/grande-cote.eramet.com\/fr\/nous-rejoindre\/","name":"Nous rejoindre - Eramet Grande C\u00f4te","isPartOf":{"@id":"https:\/\/grande-cote.eramet.com\/fr\/#website"},"datePublished":"2024-11-15T10:05:11+00:00","dateModified":"2025-11-25T16:31:41+00:00","breadcrumb":{"@id":"https:\/\/grande-cote.eramet.com\/fr\/nous-rejoindre\/#breadcrumb"},"inLanguage":"fr-FR","potentialAction":[{"@type":"ReadAction","target":["https:\/\/grande-cote.eramet.com\/fr\/nous-rejoindre\/"]}]},{"@type":"BreadcrumbList","@id":"https:\/\/grande-cote.eramet.com\/fr\/nous-rejoindre\/#breadcrumb","itemListElement":[{"@type":"ListItem","position":1,"name":"Home","item":"https:\/\/grande-cote.eramet.com\/fr\/"},{"@type":"ListItem","position":2,"name":"Nous rejoindre"}]},{"@type":"WebSite","@id":"https:\/\/grande-cote.eramet.com\/fr\/#website","url":"https:\/\/grande-cote.eramet.com\/fr\/","name":"Eramet Grande C\u00f4te","description":"","potentialAction":[{"@type":"SearchAction","target":{"@type":"EntryPoint","urlTemplate":"https:\/\/grande-cote.eramet.com\/fr\/?s={search_term_string}"},"query-input":{"@type":"PropertyValueSpecification","valueRequired":true,"valueName":"search_term_string"}}],"inLanguage":"fr-FR"}]}},"acf":[],"_links":{"self":[{"href":"https:\/\/grande-cote.eramet.com\/fr\/wp-json\/wp\/v2\/pages\/50932","targetHints":{"allow":["GET"]}}],"collection":[{"href":"https:\/\/grande-cote.eramet.com\/fr\/wp-json\/wp\/v2\/pages"}],"about":[{"href":"https:\/\/grande-cote.eramet.com\/fr\/wp-json\/wp\/v2\/types\/page"}],"author":[{"embeddable":true,"href":"https:\/\/grande-cote.eramet.com\/fr\/wp-json\/wp\/v2\/users\/4"}],"replies":[{"embeddable":true,"href":"https:\/\/grande-cote.eramet.com\/fr\/wp-json\/wp\/v2\/comments?post=50932"}],"version-history":[{"count":13,"href":"https:\/\/grande-cote.eramet.com\/fr\/wp-json\/wp\/v2\/pages\/50932\/revisions"}],"predecessor-version":[{"id":51727,"href":"https:\/\/grande-cote.eramet.com\/fr\/wp-json\/wp\/v2\/pages\/50932\/revisions\/51727"}],"wp:attachment":[{"href":"https:\/\/grande-cote.eramet.com\/fr\/wp-json\/wp\/v2\/media?parent=50932"}],"curies":[{"name":"wp","href":"https:\/\/api.w.org\/{rel}","templated":true}]}}